{"id":124,"date":"2024-10-09T11:10:12","date_gmt":"2024-10-09T11:10:12","guid":{"rendered":"https:\/\/france-egis.fr\/?page_id=124"},"modified":"2025-12-30T04:13:16","modified_gmt":"2025-12-30T04:13:16","slug":"about-us","status":"publish","type":"page","link":"https:\/\/france-egis.fr\/fr\/about-us\/","title":{"rendered":"Qui sommes-nous"},"content":{"rendered":"<h4 style=\"text-align: center;\">In Motori Italia crediamo nel potere della precisione, della qualit\u00e0 e dell&#8217;innovazione. La nostra ampia gamma di prodotti\r\nincludono carrelli portautensili professionali, generatori di corrente e mini moto, tutti realizzati per prestazioni e affidabilit\u00e0 eccezionali.<\/h4>\r\n<h4 style=\"text-align: center;\">Motori Italia \u00e8 stata fondata con una missione semplice ma profonda: fornire soluzioni hardware di alta qualit\u00e0\r\nche consentono ai nostri clienti di ottenere il miglior lavoro possibile. Il nostro viaggio \u00e8 iniziato nell&#8217;affascinante\r\ncitt\u00e0 di Bergamo, incastonata nel cuore dell&#8217;Italia, dove la tradizione incontra la tecnologia e la passione\r\nper l&#8217;artigianato \u00e8 profondo.<\/h4>\r\n&nbsp;\r\n\r\n&nbsp;\r\n<h4><strong>Adresse de l'entreprise :<\/strong><\/h4>\r\n<h4>Les Moteurs, Italie<\/h4>\r\n<h4>Via Montelungo , 2<\/h4>\r\n<h4>37141 V\u00e9rone, VR Italie<\/h4>\r\n&nbsp;\r\n<h4><strong>E-mail:<\/strong><\/h4>\r\n<h4>info@france-egis.fr<\/h4>\r\n<h4><strong>Assistance<\/strong>: <em>Chat en direct<\/em><\/h4>","protected":false},"excerpt":{"rendered":"<p>In Motori Italia crediamo nel potere della precisione, della qualit\u00e0 e dell&#8217;innovazione. La nostra ampia gamma di prodotti includono carrelli portautensili professionali, generatori di corrente e mini moto, tutti realizzati per prestazioni e affidabilit\u00e0 eccezionali. Motori Italia \u00e8 stata fondata con una missione semplice ma profonda: fornire soluzioni hardware di alta qualit\u00e0 che consentono ai [&hellip;]<\/p>\n","protected":false},"author":1,"featured_media":0,"parent":0,"menu_order":0,"comment_status":"closed","ping_status":"closed","template":"","meta":{"_acf_changed":false,"inline_featured_image":false,"footnotes":""},"class_list":["post-124","page","type-page","status-publish","hentry"],"acf":[],"_hostinger_reach_plugin_has_subscription_block":false,"_hostinger_reach_plugin_is_elementor":false,"_links":{"self":[{"href":"https:\/\/france-egis.fr\/fr\/wp-json\/wp\/v2\/pages\/124","targetHints":{"allow":["GET"]}}],"collection":[{"href":"https:\/\/france-egis.fr\/fr\/wp-json\/wp\/v2\/pages"}],"about":[{"href":"https:\/\/france-egis.fr\/fr\/wp-json\/wp\/v2\/types\/page"}],"author":[{"embeddable":true,"href":"https:\/\/france-egis.fr\/fr\/wp-json\/wp\/v2\/users\/1"}],"replies":[{"embeddable":true,"href":"https:\/\/france-egis.fr\/fr\/wp-json\/wp\/v2\/comments?post=124"}],"version-history":[{"count":15,"href":"https:\/\/france-egis.fr\/fr\/wp-json\/wp\/v2\/pages\/124\/revisions"}],"predecessor-version":[{"id":5168,"href":"https:\/\/france-egis.fr\/fr\/wp-json\/wp\/v2\/pages\/124\/revisions\/5168"}],"wp:attachment":[{"href":"https:\/\/france-egis.fr\/fr\/wp-json\/wp\/v2\/media?parent=124"}],"curies":[{"name":"wp","href":"https:\/\/api.w.org\/{rel}","templated":true}]}}