{"id":126,"date":"2024-10-09T11:14:20","date_gmt":"2024-10-09T11:14:20","guid":{"rendered":"https:\/\/france-egis.fr\/?page_id=126"},"modified":"2025-12-30T04:20:04","modified_gmt":"2025-12-30T04:20:04","slug":"faq","status":"publish","type":"page","link":"https:\/\/france-egis.fr\/fr\/faq\/","title":{"rendered":"Faq"},"content":{"rendered":"<h3><strong>Comment puis-je demander un remboursement ?<\/strong><\/h3>\r\n<h4>Pour demander un remboursement, veuillez contacter notre service client \u00e0 info@france-egis.fr avec votre num\u00e9ro de commande et le motif du retour.<\/h4>\r\n&nbsp;\r\n\r\n&nbsp;\r\n<h3><strong>Combien de temps faut-il pour traiter un remboursement ?<\/strong><\/h3>\r\n<h4>Les remboursements sont trait\u00e9s dans un d\u00e9lai de 14 jours ouvrables apr\u00e8s r\u00e9ception et inspection de l'article retourn\u00e9.<\/h4>\r\n&nbsp;\r\n\r\n&nbsp;\r\n<h3><strong>Proposez-vous une livraison internationale ?<\/strong><\/h3>\r\n<h4>Pour le moment, nous exp\u00e9dions uniquement vers l'Italie.<\/h4>\r\n&nbsp;\r\n\r\n&nbsp;\r\n<h3><strong>Quels sont les frais de livraison ?<\/strong><\/h3>\r\n<h4>La livraison est gratuite sur toutes les commandes.<\/h4>\r\n&nbsp;\r\n\r\n&nbsp;\r\n\r\n&nbsp;\r\n<h4><strong>Adresse de l'entreprise :<\/strong><\/h4>\r\n<h4>Les Moteurs, Italie<\/h4>\r\n<h4>Via Montelungo , 2<\/h4>\r\n<h4>37141 V\u00e9rone, VR Italie<\/h4>\r\n&nbsp;\r\n<h4><strong>E-mail:<\/strong><\/h4>\r\n<h4>info@france-egis.fr<\/h4>\r\n<h4><strong>Assistance<\/strong>: <em>Chat en direct<\/em><\/h4>","protected":false},"excerpt":{"rendered":"<p>Come faccio a richiedere un rimborso? Per richiedere un rimborso, contatta il nostro servizio clienti all&#8217;indirizzo info@france-egis.fr con il numero dell&#8217;ordine e il motivo del reso. &nbsp; &nbsp; Quanto tempo ci vuole per elaborare un rimborso? I rimborsi vengono elaborati entro 14 giorni lavorativi dalla ricezione e dall&#8217;ispezione dell&#8217;articolo restituito. &nbsp; &nbsp; Offrite spedizioni internazionali? [&hellip;]<\/p>\n","protected":false},"author":1,"featured_media":0,"parent":0,"menu_order":0,"comment_status":"closed","ping_status":"closed","template":"","meta":{"_acf_changed":false,"inline_featured_image":false,"footnotes":""},"class_list":["post-126","page","type-page","status-publish","hentry"],"acf":[],"_hostinger_reach_plugin_has_subscription_block":false,"_hostinger_reach_plugin_is_elementor":false,"_links":{"self":[{"href":"https:\/\/france-egis.fr\/fr\/wp-json\/wp\/v2\/pages\/126","targetHints":{"allow":["GET"]}}],"collection":[{"href":"https:\/\/france-egis.fr\/fr\/wp-json\/wp\/v2\/pages"}],"about":[{"href":"https:\/\/france-egis.fr\/fr\/wp-json\/wp\/v2\/types\/page"}],"author":[{"embeddable":true,"href":"https:\/\/france-egis.fr\/fr\/wp-json\/wp\/v2\/users\/1"}],"replies":[{"embeddable":true,"href":"https:\/\/france-egis.fr\/fr\/wp-json\/wp\/v2\/comments?post=126"}],"version-history":[{"count":19,"href":"https:\/\/france-egis.fr\/fr\/wp-json\/wp\/v2\/pages\/126\/revisions"}],"predecessor-version":[{"id":5180,"href":"https:\/\/france-egis.fr\/fr\/wp-json\/wp\/v2\/pages\/126\/revisions\/5180"}],"wp:attachment":[{"href":"https:\/\/france-egis.fr\/fr\/wp-json\/wp\/v2\/media?parent=126"}],"curies":[{"name":"wp","href":"https:\/\/api.w.org\/{rel}","templated":true}]}}