{"id":13,"date":"2024-10-05T05:23:39","date_gmt":"2024-10-05T05:23:39","guid":{"rendered":"https:\/\/france-egis.fr\/?page_id=13"},"modified":"2025-12-30T04:00:45","modified_gmt":"2025-12-30T04:00:45","slug":"contact-us","status":"publish","type":"page","link":"https:\/\/france-egis.fr\/fr\/contact-us\/","title":{"rendered":"Contactez-nous"},"content":{"rendered":"<h2><strong>Pour toute question n'h\u00e9sitez pas \u00e0 nous contacter<\/strong><\/h2>\r\n&nbsp;\r\n<h4><strong>E-mail<\/strong>: info@france-egis.fr<\/h4>\r\n<h4><strong>Assistance:\u00a0<\/strong><em>Chat en direct<\/em><\/h4>\r\n&nbsp;\r\n<h4>Le service client est actif pendant les horaires suivants :<\/h4>\r\n<h4><em>Lundi-vendredi : 09-17<\/em><\/h4>\r\n&nbsp;\r\n<h4><strong>Adresse de l'entreprise :<\/strong><\/h4>\r\n<h4>Les Moteurs, Italie<\/h4>\r\n<h4>Via Montelungo , 2<\/h4>\r\n<h4>37141 V\u00e9rone, VR Italie<\/h4>","protected":false},"excerpt":{"rendered":"<p>Per qualsiasi domanda non esitate a contattarci &nbsp; Email: info@france-egis.fr Assistenza:\u00a0Live Chat &nbsp; Il servizio clienti \u00e8 attivo nei seguenti orari: Luned\u00ec-Venerd\u00ec: 09-17 &nbsp; Indirizzo commerciale : Motori Italia Via Montelungo , 2 37141 Verona, VR Italia<\/p>","protected":false},"author":1,"featured_media":0,"parent":0,"menu_order":0,"comment_status":"closed","ping_status":"closed","template":"","meta":{"_acf_changed":false,"inline_featured_image":false,"footnotes":""},"class_list":["post-13","page","type-page","status-publish","hentry"],"acf":[],"_hostinger_reach_plugin_has_subscription_block":false,"_hostinger_reach_plugin_is_elementor":false,"_links":{"self":[{"href":"https:\/\/france-egis.fr\/fr\/wp-json\/wp\/v2\/pages\/13","targetHints":{"allow":["GET"]}}],"collection":[{"href":"https:\/\/france-egis.fr\/fr\/wp-json\/wp\/v2\/pages"}],"about":[{"href":"https:\/\/france-egis.fr\/fr\/wp-json\/wp\/v2\/types\/page"}],"author":[{"embeddable":true,"href":"https:\/\/france-egis.fr\/fr\/wp-json\/wp\/v2\/users\/1"}],"replies":[{"embeddable":true,"href":"https:\/\/france-egis.fr\/fr\/wp-json\/wp\/v2\/comments?post=13"}],"version-history":[{"count":23,"href":"https:\/\/france-egis.fr\/fr\/wp-json\/wp\/v2\/pages\/13\/revisions"}],"predecessor-version":[{"id":5145,"href":"https:\/\/france-egis.fr\/fr\/wp-json\/wp\/v2\/pages\/13\/revisions\/5145"}],"wp:attachment":[{"href":"https:\/\/france-egis.fr\/fr\/wp-json\/wp\/v2\/media?parent=13"}],"curies":[{"name":"wp","href":"https:\/\/api.w.org\/{rel}","templated":true}]}}