{"id":131,"date":"2024-10-09T11:18:12","date_gmt":"2024-10-09T11:18:12","guid":{"rendered":"https:\/\/france-egis.fr\/?page_id=131"},"modified":"2025-12-30T04:07:43","modified_gmt":"2025-12-30T04:07:43","slug":"privacy-policy","status":"publish","type":"page","link":"https:\/\/france-egis.fr\/fr\/privacy-policy\/","title":{"rendered":"politique de confidentialit\u00e9"},"content":{"rendered":"<h3>Politique de confidentialit\u00e9 des Moteurs de l'Italie.fr<\/h3>\r\n&nbsp;\r\n<h3>Cette politique de confidentialit\u00e9 d\u00e9crit la fa\u00e7on dont vos renseignements personnels sont recueillis, utilis\u00e9s et divulgu\u00e9s lorsque vous visitez ou effectuer un achat sur les Moteurs, en Italie.fr (le \u201cSite\u201d).<\/h3>\r\n&nbsp;\r\n<h3><strong>COLLECTE DE DONN\u00c9ES PERSONNELLES<\/strong><\/h3>\r\n&nbsp;\r\n<h4>Lorsque vous visitez le Site, nous collectons automatiquement certaines informations \u00e0 partir de votre appareil, notamment les donn\u00e9es du navigateur, l'adresse IP, le fuseau horaire et les donn\u00e9es de certains cookies install\u00e9s sur votre appareil. De plus, lorsque vous naviguez sur le Site, nous collectons des informations sp\u00e9cifiques sur les pages Web et les produits que vous consultez, les sites Web ou les termes de recherche qui vous ont renvoy\u00e9 vers le Site et la mani\u00e8re dont vous interagissez avec le Site. Nous appelons ces informations collect\u00e9es automatiquement \u00ab Informations sur l\u2019appareil \u00bb.<\/h4>\r\n&nbsp;\r\n<h4>Nous collectons des informations sur les appareils \u00e0 l'aide des technologies suivantes\u00a0:<\/h4>\r\n&nbsp;\r\n<h4>\u2013 Les \u00ab cookies \u00bb sont des fichiers de donn\u00e9es qui sont plac\u00e9s sur votre appareil ou votre ordinateur et qui incluent souvent un identifiant unique anonyme. Pour plus d'informations sur les cookies et comment les d\u00e9sactiver, visitez http:\/\/www.allaboutcookies.org.\n\u2013 Les \u00ab fichiers journaux \u00bb suivent les actions se produisant sur le Site et collectent des donn\u00e9es, notamment votre adresse IP, le type de navigateur, le fournisseur de services Internet, les pages de renvoi\/sortie et les horodatages.\n\u2013 Les \u00ab balises Web \u00bb, les \u00ab tags \u00bb et les \u00ab pixels \u00bb sont des fichiers \u00e9lectroniques utilis\u00e9s pour enregistrer des donn\u00e9es sur vos habitudes de navigation sur le Site.\nDe plus, lorsque vous effectuez un achat ou tentez d'effectuer un achat via le Site, nous collectons certaines informations vous concernant, notamment votre pr\u00e9nom et votre nom, votre adresse de facturation, votre adresse de livraison, vos informations de paiement (y compris les num\u00e9ros de carte de cr\u00e9dit), votre adresse e-mail et votre num\u00e9ro de t\u00e9l\u00e9phone. Nous appelons ces informations \u00ab Informations de commande \u00bb.<\/h4>\r\n<h4>Lorsque nous parlons de \u00ab Donn\u00e9es personnelles \u00bb dans la pr\u00e9sente Politique de confidentialit\u00e9, nous faisons r\u00e9f\u00e9rence \u00e0 la fois aux informations sur l\u2019appareil et aux informations sur la commande.<\/h4>\r\n&nbsp;\r\n<h3><strong>COMMENT UTILISONS-NOUS VOS DONN\u00c9ES PERSONNELLES ?<\/strong><\/h3>\r\n&nbsp;\r\n<h4>Nous utilisons g\u00e9n\u00e9ralement les informations de commande pour ex\u00e9cuter les commandes pass\u00e9es via le site (ce qui comprend le traitement des informations de paiement, l'organisation de l'exp\u00e9dition et la fourniture de factures et\/ou de confirmations de commande). De plus, nous utilisons les informations de commande pour\u00a0:\nCommuniquer avec vous;\nv\u00e9rifier que les commandes sont exemptes de risques potentiels ou de fraude ; vous fournir des informations ou des publicit\u00e9s sur nos produits ou services, si cela correspond aux pr\u00e9f\u00e9rences que vous nous avez exprim\u00e9es.<\/h4>\r\n<h4>Nous utilisons les informations sur les appareils que nous collectons (en particulier votre adresse IP) pour nous aider \u00e0 d\u00e9tecter les risques potentiels ou les fraudes, et plus g\u00e9n\u00e9ralement pour am\u00e9liorer et optimiser notre site (par exemple, en g\u00e9n\u00e9rant des analyses sur la fa\u00e7on dont nos clients naviguent et interagissent avec le site, et pour \u00e9valuer le succ\u00e8s de nos campagnes de marketing et de publicit\u00e9).<\/h4>\r\n&nbsp;\r\n<h3><strong>DIVULGATION DE VOS DONN\u00c9ES PERSONNELLES<\/strong><\/h3>\r\n&nbsp;\r\n<h4>Nous partageons vos donn\u00e9es personnelles avec des soci\u00e9t\u00e9s tierces qui nous aident \u00e0 r\u00e9aliser les activit\u00e9s d\u00e9crites ci-dessus. Par exemple, nous utilisons Woocommerce pour notre technologie de boutique en ligne. Vous pouvez trouver plus d'informations sur la mani\u00e8re dont Woocommerce utilise vos donn\u00e9es personnelles ici : https:\/\/woocommerce.com\/it\/privacy-policy\/ . Nous utilisons \u00e9galement Google Analytics pour analyser la mani\u00e8re dont les clients utilisent le Site. Vous pouvez trouver plus d'informations sur la mani\u00e8re dont Google utilise vos donn\u00e9es personnelles ici : https:\/\/www.google.com\/intl\/it\/policies\/privacy\/. Si vous le souhaitez, vous pouvez d\u00e9sactiver Google Analytics ici : https:\/\/tools.google.com\/dlpage\/gaoptout.<\/h4>\r\n<h4>Enfin, nous pouvons \u00e9galement divulguer vos donn\u00e9es personnelles \u00e0 des tiers pour nous conformer aux lois et r\u00e9glementations applicables, r\u00e9pondre \u00e0 des assignations \u00e0 compara\u00eetre, des mandats de perquisition ou d'autres demandes l\u00e9gales de donn\u00e9es que nous recevons, ou pour prot\u00e9ger nos droits.<\/h4>\r\n<h4>Comme d\u00e9crit ci-dessus, nous utilisons vos donn\u00e9es personnelles pour vous fournir des publicit\u00e9s cibl\u00e9es ou des communications marketing qui, selon nous, pourraient vous int\u00e9resser. Pour plus d\u2019informations sur le fonctionnement de la publicit\u00e9 cibl\u00e9e, veuillez consulter la page \u00e9ducative de la Network Advertising Initiative (\u00ab NAI \u00bb) \u00e0 l\u2019adresse http:\/\/www.networkadvertising.org\/understanding-online-advertising\/how-does-it-work.<\/h4>\r\n<h4>Vous pouvez d\u00e9sactiver la publicit\u00e9 cibl\u00e9e ici\u00a0:\nFACEBOOK \u2013 https:\/\/www.facebook.com\/settings\/?tab=ads\nGOOGLE \u2013 https:\/\/www.google.com\/settings\/ads\/anonymous\nTIK TOK<\/h4>\r\n<h4>De plus, vous pouvez vous d\u00e9sinscrire de certains de ces services en visitant le portail de d\u00e9sinscription de la publicit\u00e9 num\u00e9rique de la Digital Advertising Alliance\u00a0: http:\/\/optout.aboutads.info\/.<\/h4>\r\n&nbsp;\r\n<h3>NE PAS SUIVRE<\/h3>\r\n<h4>Veuillez noter que nous ne modifions pas les pratiques de collecte et d\u2019utilisation des donn\u00e9es de notre site en pr\u00e9sence du signal \u00ab\u00a0Ne pas suivre\u00a0\u00bb de votre navigateur.<\/h4>\r\n&nbsp;\r\n<h3><strong>VOS DROITS<\/strong><\/h3>\r\n<h4>Si vous \u00eates un r\u00e9sident europ\u00e9en, vous avez le droit d'acc\u00e9der aux donn\u00e9es personnelles que nous d\u00e9tenons \u00e0 votre sujet et de demander qu'elles soient mises \u00e0 jour, corrig\u00e9es ou supprim\u00e9es. Si vous souhaitez exercer ce droit, veuillez nous contacter en utilisant les coordonn\u00e9es ci-dessous.\nDe plus, si vous r\u00e9sidez en Europe, veuillez noter que nous traitons \u00e9galement vos donn\u00e9es pour remplir toute obligation contractuelle envers vous (par exemple, en relation avec les commandes que vous avez pass\u00e9es via le Site) ou pour poursuivre nos int\u00e9r\u00eats commerciaux l\u00e9gitimes indiqu\u00e9s ci-dessus. De plus, veuillez noter que vos donn\u00e9es seront transf\u00e9r\u00e9es vers des pays hors d\u2019Europe, notamment le Canada et les \u00c9tats-Unis.<\/h4>\r\n&nbsp;\r\n<h3><strong>CONSERVATION DES DONN\u00c9ES<\/strong><\/h3>\r\n<h4>Lorsque vous passez des commandes via le Site, nous conserverons vos informations de commande dans nos dossiers, sauf si et jusqu'\u00e0 ce que vous nous demandiez de supprimer ces informations.<\/h4>\r\n&nbsp;\r\n<h3><strong>CHANGEMENTS<\/strong><\/h3>\r\n<h4>Nous pouvons mettre \u00e0 jour cette politique de confidentialit\u00e9 de temps \u00e0 autre, par exemple pour refl\u00e9ter les changements apport\u00e9s \u00e0 nos pratiques ou pour d'autres raisons op\u00e9rationnelles, l\u00e9gales ou r\u00e9glementaires.<\/h4>\r\n&nbsp;\r\n<h3><strong>CONTACTEZ-NOUS<\/strong><\/h3>\r\n<h4>Pour plus d'informations sur nos pratiques de confidentialit\u00e9, si vous avez des questions ou si vous souhaitez d\u00e9poser une plainte, veuillez nous envoyer un e-mail \u00e0 <span class=\"email\">info@france-egis.fr<\/span> ou contactez-nous par mail aux adresses suivantes :<\/h4>\r\n&nbsp;\r\n<h3><strong>Si vous avez des questions, n'h\u00e9sitez pas \u00e0 nous contacter<\/strong><\/h3>\r\n<h4><strong>E-mail<\/strong>: info@france-egis.fr<\/h4>\r\n<h4><strong>Assistance:\u00a0<\/strong><em>Chat en direct<\/em><\/h4>\r\n&nbsp;\r\n<h3><strong>Le service client est actif pendant ces horaires :<\/strong><\/h3>\r\n&nbsp;\r\n<h4>Lundi-vendredi : 09-17<\/h4>\r\n&nbsp;\r\n<h3><strong>Adresse de l'entreprise<\/strong><\/h3>\r\n<h4>Les Moteurs, Italie<\/h4>\r\n<h4>Via Montelungo , 2<\/h4>\r\n<h4>37141 V\u00e9rone, VR Italie<\/h4>","protected":false},"excerpt":{"rendered":"<p>Informativa sulla privacy di Motori-Italia.it &nbsp; La presente Informativa sulla privacy descrive le modalit\u00e0 con cui i tuoi dati personali vengono raccolti, utilizzati e diffusi quando visiti o effettui un acquisto su Motori-Italia.it (il \u201cSito\u201d). &nbsp; RACCOLTA DATI PERSONALI &nbsp; Quando visiti il Sito, raccogliamo automaticamente determinate informazioni presenti sul tuo dispositivo, tra cui dati [&hellip;]<\/p>\n","protected":false},"author":1,"featured_media":0,"parent":0,"menu_order":0,"comment_status":"closed","ping_status":"closed","template":"","meta":{"_acf_changed":false,"inline_featured_image":false,"footnotes":""},"class_list":["post-131","page","type-page","status-publish","hentry"],"acf":[],"_hostinger_reach_plugin_has_subscription_block":false,"_hostinger_reach_plugin_is_elementor":false,"_links":{"self":[{"href":"https:\/\/france-egis.fr\/fr\/wp-json\/wp\/v2\/pages\/131","targetHints":{"allow":["GET"]}}],"collection":[{"href":"https:\/\/france-egis.fr\/fr\/wp-json\/wp\/v2\/pages"}],"about":[{"href":"https:\/\/france-egis.fr\/fr\/wp-json\/wp\/v2\/types\/page"}],"author":[{"embeddable":true,"href":"https:\/\/france-egis.fr\/fr\/wp-json\/wp\/v2\/users\/1"}],"replies":[{"embeddable":true,"href":"https:\/\/france-egis.fr\/fr\/wp-json\/wp\/v2\/comments?post=131"}],"version-history":[{"count":14,"href":"https:\/\/france-egis.fr\/fr\/wp-json\/wp\/v2\/pages\/131\/revisions"}],"predecessor-version":[{"id":5160,"href":"https:\/\/france-egis.fr\/fr\/wp-json\/wp\/v2\/pages\/131\/revisions\/5160"}],"wp:attachment":[{"href":"https:\/\/france-egis.fr\/fr\/wp-json\/wp\/v2\/media?parent=131"}],"curies":[{"name":"wp","href":"https:\/\/api.w.org\/{rel}","templated":true}]}}