{"id":134,"date":"2024-10-09T11:19:58","date_gmt":"2024-10-09T11:19:58","guid":{"rendered":"https:\/\/france-egis.fr\/?page_id=134"},"modified":"2025-12-30T04:18:05","modified_gmt":"2025-12-30T04:18:05","slug":"terms-of-service","status":"publish","type":"page","link":"https:\/\/france-egis.fr\/fr\/terms-of-service\/","title":{"rendered":"Conditions d'utilisation"},"content":{"rendered":"<h4>Ce site web est exploit\u00e9 par des Moteurs-Italie.fr . Les termes \u201cnous\u201d et \u201cnos\u201d sur le site, nous avons publi\u00e9 un des Moteurs de l'Italie.fr . Moteurs-Italie.il propose ce site web et tous les renseignements, les outils et les services qui y sont disponibles, \u00e0 condition que vous acceptez tous les termes, les conditions, les politiques et les avis indiqu\u00e9s ici.<\/h4>\r\n<h4>En visitant notre site et\/ou en achetant quelque chose chez nous, vous vous engagez dans notre \u00ab Service \u00bb et acceptez d'\u00eatre li\u00e9 par les termes et conditions suivants (\u00ab Conditions de service \u00bb, \u00ab Conditions \u00bb), qui incluent les termes, conditions et avis suppl\u00e9mentaires r\u00e9f\u00e9renc\u00e9s ici et\/ou disponibles par hyperlien.\nCes conditions d'utilisation s'appliquent \u00e0 tous les utilisateurs du site, y compris, sans limitation, les visiteurs, les fournisseurs, les clients, les commer\u00e7ants et\/ou les contributeurs de commentaires et d'autres contenus. Veuillez lire attentivement ces conditions d\u2019utilisation avant d\u2019acc\u00e9der ou d\u2019utiliser notre site Web. En acc\u00e9dant ou en utilisant n'importe quelle partie du site, vous acceptez d'\u00eatre li\u00e9 par ces conditions d'utilisation. Si vous n\u2019acceptez pas tous les termes et conditions de cet accord, vous ne pouvez pas acc\u00e9der au site Web ni utiliser ses services. Si ces Conditions d\u2019utilisation sont consid\u00e9r\u00e9es comme une offre, l\u2019acceptation est express\u00e9ment limit\u00e9e \u00e0 ces Conditions d\u2019utilisation.<\/h4>\r\n<h4>Toutes les nouvelles fonctionnalit\u00e9s ou tous les nouveaux outils ajout\u00e9s \u00e0 la boutique actuelle seront \u00e9galement soumis aux Conditions d'utilisation. Vous pouvez consulter la version la plus r\u00e9cente des Conditions d\u2019utilisation \u00e0 tout moment sur cette page. Nous nous r\u00e9servons le droit de mettre \u00e0 jour, de modifier ou de remplacer toute partie de ces conditions d'utilisation en publiant des mises \u00e0 jour et\/ou des modifications sur notre site Web. Il est de votre responsabilit\u00e9 de v\u00e9rifier p\u00e9riodiquement cette page pour prendre connaissance des modifications. Votre utilisation continue ou votre acc\u00e8s au site Web apr\u00e8s la publication de toute modification constitue une acceptation de ces modifications.\nNotre boutique est h\u00e9berg\u00e9e sur Woocommerce, qui nous fournit la plateforme de commerce \u00e9lectronique en ligne pour vous vendre nos produits et services.<\/h4>\r\n<h3><strong>ARTICLE 1 \u2013 CONDITIONS D'UTILISATION DE LA BOUTIQUE EN LIGNE<\/strong><\/h3>\r\n<h4>En acceptant ces conditions d'utilisation, vous d\u00e9clarez que vous avez au moins l'\u00e2ge de la majorit\u00e9 dans votre \u00e9tat ou province de r\u00e9sidence, ou que vous avez l'\u00e2ge de la majorit\u00e9 dans votre \u00e9tat ou province de r\u00e9sidence et que vous nous avez donn\u00e9 votre consentement pour permettre \u00e0 l'un de vos mineurs \u00e0 charge d'utiliser ce site.<\/h4>\r\n<h4>Vous ne pouvez pas utiliser nos produits \u00e0 des fins ill\u00e9gales ou non autoris\u00e9es et vous ne pouvez pas, dans le cadre de l'utilisation du Service, violer les lois de votre juridiction (y compris, mais sans s'y limiter, les lois sur les droits d'auteur).<\/h4>\r\n<h4>Vous ne pouvez pas distribuer de vers, de virus ou tout autre type de code malveillant.\nLa violation de toute disposition des Conditions entra\u00eenera la r\u00e9siliation imm\u00e9diate de votre droit d'utiliser les Services.<\/h4>\r\n<h3><strong>ARTICLE 2 \u2013 CONDITIONS G\u00c9N\u00c9RALES<\/strong><\/h3>\r\n<h4>Nous nous r\u00e9servons le droit de refuser le service \u00e0 quiconque, pour quelque raison que ce soit et \u00e0 tout moment.<\/h4>\r\n<h4>Vous comprenez que votre contenu (\u00e0 l\u2019exclusion des informations de carte de cr\u00e9dit) peut \u00eatre transf\u00e9r\u00e9 de mani\u00e8re non chiffr\u00e9e et impliquer (a) des transmissions sur divers r\u00e9seaux\u00a0; et (b) des modifications visant \u00e0 se conformer et \u00e0 s\u2019adapter aux exigences techniques de connexion des r\u00e9seaux ou des appareils. Les informations de carte de cr\u00e9dit sont toujours crypt\u00e9es lors du transfert sur les r\u00e9seaux.<\/h4>\r\n<h4>Vous acceptez de ne pas reproduire, dupliquer, copier, vendre, revendre ou exploiter toute partie du Service, l'utilisation du Service, ou l'acc\u00e8s au Service ou tout contact sur le site Web par lequel le service est fourni, sans autorisation \u00e9crite expresse de notre part.<\/h4>\r\n<h4>Les titres utilis\u00e9s dans le pr\u00e9sent Contrat sont inclus uniquement \u00e0 des fins de commodit\u00e9 et ne limiteront ni n'affecteront autrement les pr\u00e9sentes Conditions.<\/h4>\r\n<h3><strong>SECTION 3 \u2013 EXACTITUDE, EXHAUSTIVIT\u00c9 ET ACTUALIT\u00c9 DES INFORMATIONS<\/strong><\/h3>\r\n<h4>Nous ne serons pas responsables si les informations mises \u00e0 disposition sur ce site ne sont pas exactes, compl\u00e8tes\nou mis \u00e0 jour. Les documents pr\u00e9sents sur ce site sont fournis \u00e0 titre d'information g\u00e9n\u00e9rale uniquement et ne doivent pas \u00eatre utilis\u00e9s comme seule base pour prendre des d\u00e9cisions sans consulter des sources d'information plus fiables.\npr\u00e9cis, complet ou orageux. Toute confiance accord\u00e9e aux informations pr\u00e9sentes sur ce site est\n\u00e0 vos risques et p\u00e9rils.<\/h4>\r\n<h4>Ce site peut contenir certaines informations historiques. Informations historiques, n\u00e9cessairement,\nne sont pas \u00e0 jour et sont fournis \u00e0 titre indicatif uniquement. Nous nous r\u00e9servons le droit de modifier le contenu\nde ce site \u00e0 tout moment, mais nous n'avons aucune obligation de mettre \u00e0 jour les informations sur notre site. Vous acceptez qu\u2019il est de votre responsabilit\u00e9 de surveiller les modifications apport\u00e9es \u00e0 notre site.<\/h4>\r\n<h3><strong>ARTICLE 4 \u2013 MODIFICATIONS DU SERVICE ET DES PRIX<\/strong><\/h3>\r\n<h4>Les prix de nos produits sont sujets \u00e0 changement sans pr\u00e9avis.<\/h4>\r\n<h4>Nous nous r\u00e9servons le droit \u00e0 tout moment de modifier ou d'interrompre le Service (ou toute partie ou contenu de celui-ci)\nsans pr\u00e9avis \u00e0 tout moment.<\/h4>\r\n<h4>Nous ne serons pas responsables envers vous ou un tiers de toute modification, changement de prix,\nsuspension ou interruption du Service.<\/h4>\r\n<h3><strong>SECTION 5 \u2013 PRODUITS OU SERVICES<\/strong><\/h3>\r\n<h4>Certains produits ou services peuvent \u00eatre disponibles exclusivement en ligne via le Site Web. Ces\nLes produits ou services peuvent avoir des quantit\u00e9s limit\u00e9es et sont sujets \u00e0 un retour ou \u00e0 un \u00e9change uniquement.\nconform\u00e9ment \u00e0 notre politique de retour et de remboursement.<\/h4>\r\n<h4>Nous avons fait tous les efforts possibles pour afficher des couleurs et des images pr\u00e9cises des produits dans le magasin.\nCependant, nous ne pouvons pas garantir que les couleurs qui apparaissent sur l'\u00e9cran de votre ordinateur seront\npr\u00e9cis.\nNous nous r\u00e9servons le droit (mais ne sommes pas oblig\u00e9s de le faire) de limiter les ventes de nos produits ou services.\n\u00e0 toute personne, zone g\u00e9ographique ou juridiction. Nous pouvons exercer ce droit au cas par cas.\nNous nous r\u00e9servons le droit de limiter la quantit\u00e9 de tout produit ou service que nous proposons.\nLes descriptions ou les prix des produits sont susceptibles d'\u00eatre modifi\u00e9s \u00e0 tout moment sans pr\u00e9avis, \u00e0 notre seule discr\u00e9tion. Nous nous r\u00e9servons le droit d'interrompre tout produit \u00e0 tout moment. La vente de tout produit ou service via ce site est nulle l\u00e0 o\u00f9 elle est interdite.<\/h4>\r\n<h4>Nous ne garantissons pas la qualit\u00e9 des produits, services, informations ou autres mat\u00e9riels.\nachet\u00e9 ou obtenu par vous r\u00e9pondra \u00e0 vos attentes ou que toute erreur dans le Service\nsera corrig\u00e9.<\/h4>\r\n<h3><strong>ARTICLE 6 \u2013 EXACTITUDE DES INFORMATIONS DE FACTURATION ET DE COMPTE<\/strong><\/h3>\r\n<h4>Nous nous r\u00e9servons le droit de refuser toute commande que vous recevez. Nous pouvons, \u00e0 notre seule discr\u00e9tion, limiter ou\nannuler les quantit\u00e9s achet\u00e9es par personne, par foyer ou par commande. Ces restrictions peuvent\naffectant les commandes pass\u00e9es par ou sous le m\u00eame compte client, la m\u00eame carte de cr\u00e9dit et\/ou les m\u00eames commandes\nqui utilisent la m\u00eame adresse de facturation et\/ou de livraison. Dans le cas o\u00f9 nous apporterions une modification ou\nnous annulons une commande, nous pouvons tenter de vous avertir en utilisant l'e-mail, l'adresse de facturation ou le num\u00e9ro de t\u00e9l\u00e9phone\nfournies au moment de la commande. Nous nous r\u00e9servons le droit de limiter ou d'interdire les commandes qui, \u00e0 notre seul jugement, semblent \u00eatre pass\u00e9es par des grossistes, des revendeurs ou des distributeurs. Vous acceptez de fournir des informations d'achat et de compte fiables, compl\u00e8tes et exactes pour tous les achats effectu\u00e9s dans notre magasin. Vous acceptez de mettre \u00e0 jour rapidement votre compte et d'autres d\u00e9tails, tels que votre adresse e-mail, vos num\u00e9ros de carte de cr\u00e9dit et leurs dates d'expiration, afin que nous puissions effectuer vos transactions et vous contacter si n\u00e9cessaire.<\/h4>\r\n<h4>Pour plus d'informations, veuillez consulter notre politique de remboursement et de retour.<\/h4>\r\n<h3><strong>SECTION 7 \u2013 OUTILS FACULTATIFS<\/strong><\/h3>\r\n<h4>Nous pouvons vous fournir l'acc\u00e8s \u00e0 des outils tiers sur lesquels nous ne surveillons pas et n'avons aucun contr\u00f4le ni aucune propri\u00e9t\u00e9.<\/h4>\r\n<h4>Vous reconnaissez et acceptez que nous fournissons l\u2019acc\u00e8s \u00e0 ces outils \u00ab tels quels \u00bb et \u00ab tels que disponibles \u00bb sans aucune garantie, repr\u00e9sentation, condition ou approbation d\u2019aucune sorte. Nous n'aurons aucune responsabilit\u00e9 quelle qu'elle soit d\u00e9coulant de ou li\u00e9e \u00e0 votre utilisation d'outils tiers facultatifs.<\/h4>\r\n<h4>Toute utilisation par vous des outils optionnels propos\u00e9s sur le site est enti\u00e8rement \u00e0 vos propres risques et p\u00e9rils.\ndiscr\u00e9tion. Vous \u00eates responsable de vous assurer que vous connaissez et approuvez les termes et conditions auxquels tous les outils tiers sont soumis.<\/h4>\r\n<h4>Nous pourrions \u00e9galement, \u00e0 l\u2019avenir, proposer de nouveaux services et\/ou fonctionnalit\u00e9s via le site Web (par exemple, en introduisant de nouveaux outils et ressources). Ces nouvelles fonctionnalit\u00e9s et\/ou services seront \u00e9galement soumis \u00e0\nces conditions d'utilisation.<\/h4>\r\n<h3><strong>ARTICLE 8 \u2013 LIENS DE TIERS<\/strong><\/h3>\r\n<h4>Certains contenus, produits et services disponibles via notre Service peuvent inclure des \u00e9l\u00e9ments provenant de\ntiers.<\/h4>\r\n<h4>Les liens tiers sur ce site peuvent vous diriger vers des sites Web externes qui ne sont pas affili\u00e9s \u00e0\nnous. Nous ne sommes pas responsables de l\u2019examen ou de l\u2019\u00e9valuation du contenu ou de l\u2019exactitude de ces sites Web.\nEt nous ne garantissons pas et n'aurons aucune responsabilit\u00e9 pour tout mat\u00e9riel ou site Web tiers, ou pour tout autre mat\u00e9riel, produit ou service de tiers.\nNous ne sommes pas<\/h4>\r\n<h4>responsabilit\u00e9 pour tout pr\u00e9judice ou dommage li\u00e9 \u00e0 l'achat ou \u00e0 l'utilisation de biens, de services, de ressources, de contenu ou d'autres transactions effectu\u00e9es via des sites Web tiers. Veuillez lire attentivement\nles politiques et pratiques du tiers et assurez-vous de les comprendre avant de vous engager dans une transaction. Plaintes, r\u00e9clamations, pr\u00e9occupations et questions concernant les produits tiers\nElles doivent \u00eatre adress\u00e9es au tiers concern\u00e9.<\/h4>\r\n<h3><strong>SECTION 9 \u2013 COMMENTAIRES, R\u00c9TROACTIONS ET AUTRES DOCUMENTS SOUMIS<\/strong><\/h3>\r\n<h4>Si vous nous envoyez, en ligne, par courrier \u00e9lectronique, par courrier postal ou autrement (collectivement, les \u00ab commentaires \u00bb), y compris, sans demande de notre part, des participations \u00e0 des concours, des id\u00e9es cr\u00e9atives,\nsuggestions, propositions, plans ou autres \u00e9l\u00e9ments, nous convenons que nous pouvons, \u00e0 tout moment, sans\nrestrictions, modifier, copier, publier, distribuer, traduire et utiliser de toute autre mani\u00e8re sur quelque support que ce soit\ncommentaire que vous nous transmettez. Nous n\u2019avons et n\u2019aurons aucune obligation (1) de maintenir la confidentialit\u00e9 des commentaires ; (2) payer des frais pour les commentaires; ou (3) pour r\u00e9pondre \u00e0 toute\ncommentaire.\nNous pouvons (mais n'avons aucune obligation de) surveiller, modifier et supprimer le contenu que nous d\u00e9terminons \u00e0 notre seule discr\u00e9tion.\n\u00eatre ill\u00e9gal, offensant, mena\u00e7ant, calomnieux, diffamatoire, pornographique,\nobsc\u00e8ne ou autrement r\u00e9pr\u00e9hensible ou qui viole la propri\u00e9t\u00e9 intellectuelle d'une partie ou les pr\u00e9sentes conditions\nde service.\nVous acceptez de vous abstenir de tout commentaire qui viole les droits de tiers, y compris\ndroits d\u2019auteur, marques d\u00e9pos\u00e9es, droits \u00e0 la vie priv\u00e9e, droits de la personnalit\u00e9 ou autres droits r\u00e9els ou personnels. Vous acceptez \u00e9galement de ne pas publier de commentaires contenant du mat\u00e9riel diffamatoire ou autrement ill\u00e9gal,\noffensants ou obsc\u00e8nes, ou contenant des virus informatiques ou d'autres logiciels malveillants susceptibles d'alt\u00e9rer le fonctionnement du site Web\ndu Service ou de tout site Web associ\u00e9. Vous ne pouvez pas utiliser une fausse adresse e-mail, je suppose que vous l'\u00eates\ntoute autre personne que vous-m\u00eame ou nous induire en erreur ou induire en erreur tout tiers quant \u00e0 l'origine de tout\ncommentaire. Vous \u00eates seul responsable de tous les commentaires que vous soumettez et de leur exactitude. Nous ne faisons aucune d\u00e9claration ni garantie d'aucune sorte pour les commentaires publi\u00e9s par vous ou par un tiers.<\/h4>\r\n<h3><strong>ARTICLE 10 \u2013 RENSEIGNEMENTS PERSONNELS<\/strong><\/h3>\r\n&nbsp;\r\n<h4>Votre soumission d'informations personnelles via la boutique est r\u00e9gie par notre politique de confidentialit\u00e9.\nCliquez ici pour consulter notre politique de confidentialit\u00e9.<\/h4>\r\n<h3><strong>ARTICLE 11 \u2013 ERREURS, INEXACTITUDES ET OMISSIONS<\/strong><\/h3>\r\n<h4>Il peut arriver que des informations sur notre site ou dans le Service contiennent des erreurs typographiques, des inexactitudes ou des omissions pouvant concerner les descriptions de produits, les prix, les promotions, les offres, les frais d'exp\u00e9dition des produits, les d\u00e9lais de livraison ou la disponibilit\u00e9. Nous nous r\u00e9servons le droit de corriger toute erreur, inexactitude ou omission en modifiant et en mettant \u00e0 jour les informations ou en annulant les commandes si des informations dans le Service ou sur tout site Web associ\u00e9 sont inexactes \u00e0 tout moment (y compris apr\u00e8s avoir soumis votre commande) sans pr\u00e9avis.<\/h4>\r\n<h4>Nous n'assumons aucune obligation de mettre \u00e0 jour, de modifier ou de clarifier les informations contenues dans le Service ou sur tout site Web associ\u00e9, y compris, sans limitation, les informations sur les prix, sauf si la loi l'exige. Aucune mise \u00e0 jour ou actualisation des donn\u00e9es sp\u00e9cifi\u00e9e dans le Service ou sur tout site Web associ\u00e9 ne doit \u00eatre interpr\u00e9t\u00e9e comme garantissant que toutes les informations dans le Service ou sur tout site Web associ\u00e9 sont correctes et \u00e0 jour.<\/h4>\r\n<h3><strong>ARTICLE 12 \u2013 UTILISATIONS INTERDITES<\/strong><\/h3>\r\n<h4>En plus des autres interdictions \u00e9nonc\u00e9es dans les Conditions d'utilisation, il vous est interdit de\nutiliser le site ou son contenu :\n(a) \u00e0 des fins ill\u00e9gales; (b) de solliciter d\u2019autres personnes pour accomplir ou participer \u00e0 un acte ill\u00e9gal ; (c) de violer toute loi, tout r\u00e8glement ou toute ordonnance internationale, f\u00e9d\u00e9rale, provinciale, \u00e9tatique ou locale\u00a0; (d) de violer ou d\u2019enfreindre nos droits de propri\u00e9t\u00e9 intellectuelle ou ceux d\u2019autrui\u00a0; (et) p\nharceler, abuser, insulter, nuire, diffamer, calomnier, d\u00e9nigrer, intimider ou discriminer en fonction du sexe, de l\u2019orientation sexuelle, de la religion, de l\u2019origine ethnique, de l\u2019\u00e2ge, de l\u2019origine nationale ou du handicap ; (f) p\nsoumettre des informations fausses ou trompeuses ;\n(g) t\u00e9l\u00e9charger ou transmettre des virus ou tout autre type de code malveillant susceptible d'infecter\nla fonctionnalit\u00e9 ou le fonctionnement du Service, de tout site Web associ\u00e9, d\u2019autres sites Web ou d\u2019Internet\u00a0;\n(h) de recueillir ou de surveiller les renseignements personnels d\u2019autrui; (i) spam, phishing, produits pharmaceutiques,\npr\u00e9texte, araign\u00e9e, ramper ou gratter ; (j) \u00e0 des fins obsc\u00e8nes ou immorales ; ou (k) pour interf\u00e9rence\nou contourner les fonctionnalit\u00e9s de s\u00e9curit\u00e9 du Service ou de tout site Web associ\u00e9, d'autres sites Web ou d'Internet. Nous nous r\u00e9servons le droit de mettre fin \u00e0 votre utilisation du Service ou de tout site Web associ\u00e9 si vous violez l'une des dispositions relatives aux utilisations interdites.<\/h4>\r\n<h3><strong>ARTICLE 13 \u2013 EXCLUSION DE GARANTIES ; LIMITATION DE RESPONSABILIT\u00c9<\/strong><\/h3>\r\n<h4>Nous ne garantissons pas, ne repr\u00e9sentons pas et ne garantissons pas que votre utilisation de notre service sera ininterrompue,\nopportun, s\u00e9curis\u00e9 ou sans erreur.<\/h4>\r\n<h4>Nous ne garantissons pas que les r\u00e9sultats qui peuvent \u00eatre obtenus \u00e0 partir de l'utilisation du service seront\npr\u00e9cis ou fiable.<\/h4>\r\n<h4>Vous reconnaissez qu'ils peuvent occasionnellement suspendre le Service pour des p\u00e9riodes ind\u00e9termin\u00e9es ou\nannuler le service \u00e0 tout moment, sans pr\u00e9avis.\nVous acceptez express\u00e9ment que votre utilisation du Service et votre incapacit\u00e9 \u00e0 l'utiliser sont \u00e0 vos seuls risques. Le service et tous les produits et services qui vous sont fournis via le service sont (sauf mention expresse de notre part) fournis \u00ab tels quels \u00bb et \u00ab tels que disponibles \u00bb pour votre utilisation, sans aucune repr\u00e9sentation, garantie ou condition d'aucune sorte, expresse ou implicite, y compris, sans limitation, les garanties ou conditions implicites de qualit\u00e9 marchande, de qualit\u00e9 marchande, d'ad\u00e9quation \u00e0 un usage particulier, de durabilit\u00e9, de titre et de non-contrefa\u00e7on.<\/h4>\r\n<h4>En aucun cas, les Moteurs-Italie.fr , ses dirigeants, administrateurs, employ\u00e9s, affili\u00e9s, agents, contractuels, stagiaires, fournisseurs, prestataires de service ou conc\u00e9dants de licence ne seront tenus responsables de toute blessure, perte, r\u00e9clamation, ou de dommages directs, indirects, accessoires, punitifs, sp\u00e9ciaux, ou cons\u00e9cutifs de toute nature, y compris, sans limitation, la perte de profits, perte de revenus, perte d'\u00e9conomies, perte de donn\u00e9es, les co\u00fbts de remplacement, ou de tout dommage ou similaire, qu'elle soit fond\u00e9e sur un contrat, un d\u00e9lit (y compris la n\u00e9gligence), responsabilit\u00e9 stricte ou autrement, r\u00e9sultant de l'utilisation de tout service ou de tout produit obtenu par le service, ou pour toute autre r\u00e9clamation li\u00e9e de quelque fa\u00e7on \u00e0 votre utilisation du service ou tout produit, y compris, sans limitation, de toute erreur ou omission dans tout contenu, ou toute perte ou dommages de toute nature subis par suite de l'utilisation du service ou de tout contenu (ou produit), post\u00e9, transmis ou autrement mis \u00e0 disposition via le service, m\u00eame si inform\u00e9s de leur possibilit\u00e9. \u00c9tant donn\u00e9 que certains \u00e9tats ou juridictions ne permettent pas l'exclusion ou la limitation de responsabilit\u00e9 pour les dommages indirects ou accessoires, dans de tels etats ou juridictions, notre responsabilit\u00e9 ne pourra \u00eatre limit\u00e9e dans la mesure maximale permise par la loi.<\/h4>\r\n<h3><strong>ARTICLE 14 \u2013 INDEMNISATION<\/strong><\/h3>\r\n<h4>Vous acceptez d'indemniser, de d\u00e9fendre et de d\u00e9gager des Moteurs de l'Italie.elle et ses soci\u00e9t\u00e9s m\u00e8res, ses filiales, soci\u00e9t\u00e9s affili\u00e9es, partenaires, dirigeants, administrateurs, agents, entrepreneurs, conc\u00e9dants de licence, fournisseurs de services, les sous-traitants, fournisseurs, stagiaires et employ\u00e9s, de toute r\u00e9clamation ou demande, y compris les honoraires raisonnables d'avocat, faite par une tierce partie li\u00e9e \u00e0 ou d\u00e9coulant de la violation par vous de les pr\u00e9sentes Conditions de service ou les documents qu'ils incorporent par r\u00e9f\u00e9rence, ou de votre violation par vous de toute la loi ou les droits d'un tiers.<\/h4>\r\n<h3><strong>ARTICLE 15 \u2013 DIVISIBILIT\u00c9<\/strong><\/h3>\r\n<h4>Si une disposition des pr\u00e9sentes Conditions d'utilisation est jug\u00e9e ill\u00e9gale, nulle ou\ninapplicable, une telle disposition sera n\u00e9anmoins applicable dans toute la mesure permise par la loi applicable, et la partie inapplicable sera r\u00e9put\u00e9e \u00eatre s\u00e9par\u00e9e des pr\u00e9sentes Conditions d'utilisation, et la validit\u00e9 et l'applicabilit\u00e9 des dispositions restantes ne seront pas affect\u00e9es.<\/h4>\r\n<h3><strong>ARTICLE 16 \u2013 R\u00c9SILIATION<\/strong><\/h3>\r\n<h4>Les obligations et responsabilit\u00e9s des parties engag\u00e9es avant la date de r\u00e9siliation survivront \u00e0 la r\u00e9siliation du pr\u00e9sent Contrat.<\/h4>\r\n<h4>Les pr\u00e9sentes conditions d'utilisation sont en vigueur jusqu'\u00e0 leur r\u00e9siliation par vous ou par nous. Vous pouvez r\u00e9silier ces conditions d'utilisation \u00e0 tout moment en nous notifiant que vous ne souhaitez plus utiliser notre\nServices ou r\u00e9siliation de l'utilisation de notre site.\nDe plus, si, \u00e0 notre seul jugement, vous violez ou nous soup\u00e7onnons que vous avez viol\u00e9 une\ndisposition des pr\u00e9sentes Conditions d'utilisation, nous pouvons \u00e9galement r\u00e9silier cet accord \u00e0 tout moment sans pr\u00e9avis et vous resterez responsable de tous les montants dus jusqu'\u00e0 la date de r\u00e9siliation incluse\u00a0; en cons\u00e9quence, vous pouvez refuser l'acc\u00e8s aux Services (ou \u00e0 toute partie de ceux-ci).<\/h4>\r\n<h3><strong>ARTICLE 17 \u2013 INT\u00c9GRALIT\u00c9 DE L'ACCORD<\/strong><\/h3>\r\n<h4>Le fait de ne pas exercer ou appliquer un droit ou une disposition des pr\u00e9sentes Conditions d\u2019utilisation ne constitue pas une renonciation \u00e0 ce droit ou \u00e0 cette disposition.<\/h4>\r\n<h4>Les pr\u00e9sentes Conditions d'utilisation et toutes les politiques ou r\u00e8gles de fonctionnement publi\u00e9es par nous sur ce site ou concernant le Service constituent l'int\u00e9gralit\u00e9 de l'accord et de la compr\u00e9hension entre vous et nous et r\u00e9gissent votre utilisation du Service, rempla\u00e7ant tous les accords, communications et propositions ant\u00e9rieurs ou contemporains, qu'ils soient oraux ou \u00e9crits, entre vous et nous (y compris, mais sans s'y limiter, toutes les versions ant\u00e9rieures des Conditions d'utilisation).\nToute ambigu\u00eft\u00e9 dans l\u2019interpr\u00e9tation des pr\u00e9sentes Conditions d\u2019utilisation ne doit pas \u00eatre interpr\u00e9t\u00e9e contre l\u2019auteur.<\/h4>\r\n<h3><strong>ARTICLE 18 \u2013 LOI APPLICABLE<\/strong><\/h3>\r\n<h4>Les pr\u00e9sentes conditions d'utilisation et tout accord s\u00e9par\u00e9 par lequel nous vous fournissons des services seront r\u00e9gis et interpr\u00e9t\u00e9s conform\u00e9ment aux lois italiennes.<\/h4>\r\n<h3><strong>ARTICLE 19 \u2013 MODIFICATIONS DES CONDITIONS DE SERVICE<\/strong><\/h3>\r\n<h4>Vous pouvez consulter la version la plus r\u00e9cente des Conditions d\u2019utilisation \u00e0 tout moment sur cette page.\nNous nous r\u00e9servons le droit, \u00e0 notre seule discr\u00e9tion, de mettre \u00e0 jour, de modifier ou de remplacer toute partie de ces conditions d'utilisation en publiant des mises \u00e0 jour et des modifications sur notre site Web. Il est de votre responsabilit\u00e9 de consulter p\u00e9riodiquement notre site Web pour tout changement. Votre utilisation continue ou votre acc\u00e8s au site Web ou au Service apr\u00e8s la publication de toute modification des pr\u00e9sentes Conditions d'utilisation constitue une acceptation de ces modifications.<\/h4>\r\n<h3><strong>ARTICLE 20 \u2013 CONTACTS<\/strong><\/h3>\r\n&nbsp;\r\n<h3>Si vous avez des questions, n'h\u00e9sitez pas \u00e0 nous contacter<\/h3>\r\n&nbsp;\r\n\r\n&nbsp;\r\n<h4><strong>Adresse de l'entreprise :<\/strong><\/h4>\r\n<h4>Les Moteurs, Italie<\/h4>\r\n<h4>Via Montelungo , 2<\/h4>\r\n<h4>37141 V\u00e9rone, VR Italie<\/h4>\r\n&nbsp;\r\n<h4><strong>E-mail:<\/strong><\/h4>\r\n<h4>info@france-egis.fr<\/h4>\r\n<h4><strong>Assistance<\/strong>: <em>Chat en direct<\/em><\/h4>\r\n&nbsp;","protected":false},"excerpt":{"rendered":"<p>Questo sito web \u00e8 gestito da Motori-Italia.it . I termini &#8220;noi&#8221; e &#8220;nostro&#8221; all&#8217;interno del sito si sono pubblicati a Motori-Italia.it . Motori-Italia.it ti offre questo sito web e tutte le informazioni, gli strumenti e i servizi disponibili qui, a condizione che tu accetti tutti i termini, le condizioni, le politiche e gli avvisi indicati [&hellip;]<\/p>\n","protected":false},"author":1,"featured_media":0,"parent":0,"menu_order":0,"comment_status":"closed","ping_status":"closed","template":"","meta":{"_acf_changed":false,"inline_featured_image":false,"footnotes":""},"class_list":["post-134","page","type-page","status-publish","hentry"],"acf":[],"_hostinger_reach_plugin_has_subscription_block":false,"_hostinger_reach_plugin_is_elementor":false,"_links":{"self":[{"href":"https:\/\/france-egis.fr\/fr\/wp-json\/wp\/v2\/pages\/134","targetHints":{"allow":["GET"]}}],"collection":[{"href":"https:\/\/france-egis.fr\/fr\/wp-json\/wp\/v2\/pages"}],"about":[{"href":"https:\/\/france-egis.fr\/fr\/wp-json\/wp\/v2\/types\/page"}],"author":[{"embeddable":true,"href":"https:\/\/france-egis.fr\/fr\/wp-json\/wp\/v2\/users\/1"}],"replies":[{"embeddable":true,"href":"https:\/\/france-egis.fr\/fr\/wp-json\/wp\/v2\/comments?post=134"}],"version-history":[{"count":27,"href":"https:\/\/france-egis.fr\/fr\/wp-json\/wp\/v2\/pages\/134\/revisions"}],"predecessor-version":[{"id":5177,"href":"https:\/\/france-egis.fr\/fr\/wp-json\/wp\/v2\/pages\/134\/revisions\/5177"}],"wp:attachment":[{"href":"https:\/\/france-egis.fr\/fr\/wp-json\/wp\/v2\/media?parent=134"}],"curies":[{"name":"wp","href":"https:\/\/api.w.org\/{rel}","templated":true}]}}