{"id":137,"date":"2024-10-09T11:22:28","date_gmt":"2024-10-09T11:22:28","guid":{"rendered":"https:\/\/france-egis.fr\/?page_id=137"},"modified":"2025-12-30T04:06:19","modified_gmt":"2025-12-30T04:06:19","slug":"payment-policy","status":"publish","type":"page","link":"https:\/\/france-egis.fr\/fr\/payment-policy\/","title":{"rendered":"Politique de paiement"},"content":{"rendered":"<h4><strong>Notre site web des Moteurs de l'Italie.il est compatible avec le PCI et le protocole SSL \" secure parce que nous utilisons un Th\u00e8me pour notre boutique.<\/strong><\/h4>\r\n<h4>SSL signifie Secure Sockets Layer. En quelques mots, SSL de vos donn\u00e9es (telles que les informations de carte de cr\u00e9dit et mots de passe) et les transforme en donn\u00e9es que seuls vous et le destinataire peut d\u00e9chiffrer. Les certificats SSL peuvent \u00e9galement vous fournir de l'information au sujet de l'authenticit\u00e9 de l'identit\u00e9 d'une personne, d'une entreprise ou d'un site web. Vous pouvez afficher ces informations en cliquant sur le symbole de cadenas dans le navigateur.<\/h4>\r\n&nbsp;\r\n<h4>Notre site web inclut un certificat SSL qui utilise la technologie de cryptage standard de l'industrie de 256 bits. C'est le m\u00eame niveau de cryptage utilis\u00e9 par les grandes banques pour s\u00e9curiser vos informations.<\/h4>\r\n&nbsp;\r\n<h4><strong>Conditions de paiement:<\/strong>\r\n\u2013 Lorsque vous passez une commande sur notre boutique, votre carte sera d\u00e9bit\u00e9e de EUR, imm\u00e9diatement et non pas au moment de l'exp\u00e9dition. \u2013 Nous ne sommes pas responsable de tous les frais suppl\u00e9mentaires encourus par votre banque.<\/h4>\r\n&nbsp;\r\n<h4><strong>M\u00e9thodes de paiement:<\/strong>\r\n<em>Carte de cr\u00e9dit et de d\u00e9bit<\/em>\r\nNous acceptons les paiements avec une carte bancaire (CB, VISA ou MASTERCARD) qui est fourni par Stripe.com.<\/h4>\r\n&nbsp;\r\n<h4>Pour ce mode de paiement, vous devez indiquer:<\/h4>\r\n<ul>\r\n \t<li>\r\n<h4>Le num\u00e9ro de votre carte<\/h4>\r\n<\/li>\r\n \t<li>\r\n<h4>La date d'expiration<\/h4>\r\n<\/li>\r\n \t<li>\r\n<h4>Le cryptogramme (les trois derniers chiffres au dos de votre carte)<\/h4>\r\n<\/li>\r\n<\/ul>\r\n&nbsp;\r\n\r\n&nbsp;\r\n\r\n&nbsp;\r\n\r\n&nbsp;\r\n<h3>Pour toute question n'h\u00e9sitez pas \u00e0 nous contacter :<\/h3>\r\n&nbsp;\r\n<h4><strong>E-mail<\/strong>: info@france-egis.fr<\/h4>\r\n<h4><strong>Assistance:\u00a0<\/strong><em>Chat en direct<\/em><\/h4>\r\n&nbsp;\r\n\r\n&nbsp;\r\n\r\n&nbsp;\r\n\r\n&nbsp;\r\n\r\n&nbsp;\r\n<h3><strong>Le service client est actif pendant les horaires suivants :<\/strong><\/h3>\r\n&nbsp;\r\n<h4><em>Lundi-vendredi : 09-17<\/em><\/h4>\r\n&nbsp;\r\n<h4>Adresse de l'entreprise :<\/h4>\r\n<h3><\/h3>\r\n<h4>Les Moteurs, Italie<\/h4>\r\n<h4>Via Montelungo , 2<\/h4>\r\n<h4>37141 V\u00e9rone, VR Italie<\/h4>","protected":false},"excerpt":{"rendered":"<p>Il nostro sito web\u00a0Motori-Italia.it\u00a0\u00e8 conforme alla norma PCI ed \u00e8 sicuro SSL perch\u00e9 utilizziamo Woocommerce per il nostro negozio. SSL sta per Secure Sockets Layer. In poche parole, SSL prende i tuoi dati (come informazioni sulla carta di credito e password) e li trasforma in dati che solo tu e il destinatario previsto potete decrittografare. [&hellip;]<\/p>\n","protected":false},"author":1,"featured_media":0,"parent":0,"menu_order":0,"comment_status":"closed","ping_status":"closed","template":"","meta":{"_acf_changed":false,"inline_featured_image":false,"footnotes":""},"class_list":["post-137","page","type-page","status-publish","hentry"],"acf":[],"_hostinger_reach_plugin_has_subscription_block":false,"_hostinger_reach_plugin_is_elementor":false,"_links":{"self":[{"href":"https:\/\/france-egis.fr\/fr\/wp-json\/wp\/v2\/pages\/137","targetHints":{"allow":["GET"]}}],"collection":[{"href":"https:\/\/france-egis.fr\/fr\/wp-json\/wp\/v2\/pages"}],"about":[{"href":"https:\/\/france-egis.fr\/fr\/wp-json\/wp\/v2\/types\/page"}],"author":[{"embeddable":true,"href":"https:\/\/france-egis.fr\/fr\/wp-json\/wp\/v2\/users\/1"}],"replies":[{"embeddable":true,"href":"https:\/\/france-egis.fr\/fr\/wp-json\/wp\/v2\/comments?post=137"}],"version-history":[{"count":43,"href":"https:\/\/france-egis.fr\/fr\/wp-json\/wp\/v2\/pages\/137\/revisions"}],"predecessor-version":[{"id":5158,"href":"https:\/\/france-egis.fr\/fr\/wp-json\/wp\/v2\/pages\/137\/revisions\/5158"}],"wp:attachment":[{"href":"https:\/\/france-egis.fr\/fr\/wp-json\/wp\/v2\/media?parent=137"}],"curies":[{"name":"wp","href":"https:\/\/api.w.org\/{rel}","templated":true}]}}