{"id":28,"date":"2024-10-08T07:35:20","date_gmt":"2024-10-08T07:35:20","guid":{"rendered":"https:\/\/france-egis.fr\/index.php\/cart\/"},"modified":"2024-10-08T07:35:20","modified_gmt":"2024-10-08T07:35:20","slug":"cart","status":"publish","type":"page","link":"https:\/\/france-egis.fr\/fr\/cart\/","title":{"rendered":"Cart"},"content":{"rendered":"<div data-block-name=\"woocommerce\/cart\" class=\"wp-block-woocommerce-cart alignwide is-loading\"><div data-block-name=\"woocommerce\/filled-cart-block\" class=\"wp-block-woocommerce-filled-cart-block\"><div data-block-name=\"woocommerce\/cart-items-block\" class=\"wp-block-woocommerce-cart-items-block\"><div data-block-name=\"woocommerce\/cart-line-items-block\" class=\"wp-block-woocommerce-cart-line-items-block\"><\/div>\n\n<div data-block-name=\"woocommerce\/cart-cross-sells-block\" class=\"wp-block-woocommerce-cart-cross-sells-block\"><h2 class=\"wp-block-heading has-large-font-size\">You may be interested in\u2026<\/h2>\n\n<div data-block-name=\"woocommerce\/cart-cross-sells-products-block\" class=\"wp-block-woocommerce-cart-cross-sells-products-block\"><\/div><\/div><\/div>\n\n<div data-block-name=\"woocommerce\/cart-totals-block\" class=\"wp-block-woocommerce-cart-totals-block\"><div data-block-name=\"woocommerce\/cart-order-summary-block\" class=\"wp-block-woocommerce-cart-order-summary-block\"><div data-block-name=\"woocommerce\/cart-order-summary-heading-block\" class=\"wp-block-woocommerce-cart-order-summary-heading-block\"><\/div><div data-block-name=\"woocommerce\/cart-order-summary-coupon-form-block\" class=\"wp-block-woocommerce-cart-order-summary-coupon-form-block\"><\/div><div data-block-name=\"woocommerce\/cart-order-summary-totals-block\" class=\"wp-block-woocommerce-cart-order-summary-totals-block\">\n<div data-block-name=\"woocommerce\/cart-order-summary-subtotal-block\" class=\"wp-block-woocommerce-cart-order-summary-subtotal-block\"><\/div>\n<div data-block-name=\"woocommerce\/cart-order-summary-discount-block\" class=\"wp-block-woocommerce-cart-order-summary-discount-block\"><\/div>\n<div data-block-name=\"woocommerce\/cart-order-summary-fee-block\" class=\"wp-block-woocommerce-cart-order-summary-fee-block\"><\/div>\n<div data-block-name=\"woocommerce\/cart-order-summary-shipping-block\" class=\"wp-block-woocommerce-cart-order-summary-shipping-block\"><\/div>\n<div data-block-name=\"woocommerce\/cart-order-summary-taxes-block\" class=\"wp-block-woocommerce-cart-order-summary-taxes-block\"><\/div><\/div><\/div>\n\n<div data-block-name=\"woocommerce\/cart-express-payment-block\" class=\"wp-block-woocommerce-cart-express-payment-block\"><\/div>\n\n<div data-block-name=\"woocommerce\/proceed-to-checkout-block\" class=\"wp-block-woocommerce-proceed-to-checkout-block\"><\/div>\n\n<div data-block-name=\"woocommerce\/cart-accepted-payment-methods-block\" class=\"wp-block-woocommerce-cart-accepted-payment-methods-block\"><\/div><\/div><\/div>\n\n<div data-block-name=\"woocommerce\/empty-cart-block\" class=\"wp-block-woocommerce-empty-cart-block\"><h2 class=\"wp-block-heading has-text-align-center with-empty-cart-icon wc-block-cart__empty-cart__title\">Your cart is currently empty!<\/h2>\n\n<hr class=\"wp-block-separator has-alpha-channel-opacity is-style-dots\"\/>\n\n<h2 class=\"wp-block-heading has-text-align-center\">New in store<\/h2>\n\n<div data-block-name=\"woocommerce\/product-new\" data-columns=\"4\" data-rows=\"1\" class=\"wc-block-grid wp-block-product-new wp-block-woocommerce-product-new wc-block-product-new has-4-columns\"><ul class=\"wc-block-grid__products\"><li class=\"wc-block-grid__product\">\n\t\t\t\t<a href=\"https:\/\/france-egis.fr\/fr\/product\/generatore-di-corrente-h-8500w-220-380v-con-chiave-1\/\" class=\"wc-block-grid__product-link\">\n\t\t\t\t\t<div class=\"wc-block-grid__product-onsale\">\n\t\t\t<span aria-hidden=\"true\" data-no-translation=\"\" data-trp-gettext=\"\">Promo<\/span>\n\t\t\t<span class=\"screen-reader-text\" data-no-translation=\"\" data-trp-gettext=\"\">Produit en promotion<\/span>\n\t\t<\/div>\n\t\t\t\t\t<div class=\"wc-block-grid__product-image\"><img loading=\"lazy\" decoding=\"async\" width=\"300\" height=\"300\" src=\"https:\/\/france-egis.fr\/wp-content\/uploads\/2025\/11\/IMG_4272-min-300x300.webp\" class=\"attachment-woocommerce_thumbnail size-woocommerce_thumbnail\" alt=\"Generatore di Corrente H-8500W Avviamento Elettrico con Batteria (220v\/380v)\" srcset=\"https:\/\/france-egis.fr\/wp-content\/uploads\/2025\/11\/IMG_4272-min-300x300.webp 300w, https:\/\/france-egis.fr\/wp-content\/uploads\/2025\/11\/IMG_4272-min-150x150.webp 150w, https:\/\/france-egis.fr\/wp-content\/uploads\/2025\/11\/IMG_4272-min-768x768.webp 768w, https:\/\/france-egis.fr\/wp-content\/uploads\/2025\/11\/IMG_4272-min-600x600.webp 600w, https:\/\/france-egis.fr\/wp-content\/uploads\/2025\/11\/IMG_4272-min-100x100.webp 100w, https:\/\/france-egis.fr\/wp-content\/uploads\/2025\/11\/IMG_4272-min-64x64.webp 64w, https:\/\/france-egis.fr\/wp-content\/uploads\/2025\/11\/IMG_4272-min.webp 800w\" sizes=\"auto, (max-width: 300px) 100vw, 300px\" \/><\/div>\n\t\t\t\t\t<div class=\"wc-block-grid__product-title\">G\u00e9n\u00e9rateur de Courant H-8500W D\u00e9marrage \u00c9lectrique avec Batterie (220v\/380v)<\/div>\n\t\t\t\t<\/a>\n\t\t\t\t<div class=\"wc-block-grid__product-price price\"><del aria-hidden=\"true\"><span class=\"woocommerce-Price-amount amount\"><span class=\"woocommerce-Price-currencySymbol\">\u20ac<\/span>500.00<\/span><\/del> <span class=\"screen-reader-text\" data-no-translation=\"\" data-trp-gettext=\"\">Le prix initial \u00e9tait\u00a0: &euro;500.00.<\/span><ins aria-hidden=\"true\"><span class=\"woocommerce-Price-amount amount\"><span class=\"woocommerce-Price-currencySymbol\">\u20ac<\/span>275.00<\/span><\/ins><span class=\"screen-reader-text\" data-no-translation=\"\" data-trp-gettext=\"\">Le prix actuel est\u00a0: &euro;275.00.<\/span><\/div>\n\t\t\t\t\n\t\t\t\t<div class=\"wp-block-button wc-block-grid__product-add-to-cart\"><a href=\"?add-to-cart=4867\" aria-label=\"Ajouter au panier\u00a0: \u201cGeneratore di Corrente H-8500W Avviamento Elettrico con Batteria (220v\/380v)\u201d\" data-quantity=\"1\" data-product_id=\"4867\" data-product_sku=\"\" data-price=\"275\" rel=\"nofollow\" class=\"wp-block-button__link  add_to_cart_button ajax_add_to_cart\" data-no-translation=\"\" data-trp-gettext=\"\" data-no-translation-aria-label=\"\">Ajouter au panier<\/a><\/div>\n\t\t\t<\/li><li class=\"wc-block-grid__product\">\n\t\t\t\t<a href=\"https:\/\/france-egis.fr\/fr\/product\/generatore-di-corrente-h-8500w-avviamento-elettrico-con-batteria-220v-380v-2\/\" class=\"wc-block-grid__product-link\">\n\t\t\t\t\t<div class=\"wc-block-grid__product-onsale\">\n\t\t\t<span aria-hidden=\"true\" data-no-translation=\"\" data-trp-gettext=\"\">Promo<\/span>\n\t\t\t<span class=\"screen-reader-text\" data-no-translation=\"\" data-trp-gettext=\"\">Produit en promotion<\/span>\n\t\t<\/div>\n\t\t\t\t\t<div class=\"wc-block-grid__product-image\"><img loading=\"lazy\" decoding=\"async\" width=\"300\" height=\"300\" src=\"https:\/\/france-egis.fr\/wp-content\/uploads\/2025\/11\/IMG_9628-min-300x300.jpeg\" class=\"attachment-woocommerce_thumbnail size-woocommerce_thumbnail\" alt=\"Generatore di Corrente H-8500W Avviamento Elettrico con Batteria (220v\/380v)\" srcset=\"https:\/\/france-egis.fr\/wp-content\/uploads\/2025\/11\/IMG_9628-min-300x300.jpeg 300w, https:\/\/france-egis.fr\/wp-content\/uploads\/2025\/11\/IMG_9628-min-1024x1024.jpeg 1024w, https:\/\/france-egis.fr\/wp-content\/uploads\/2025\/11\/IMG_9628-min-150x150.jpeg 150w, https:\/\/france-egis.fr\/wp-content\/uploads\/2025\/11\/IMG_9628-min-768x768.jpeg 768w, https:\/\/france-egis.fr\/wp-content\/uploads\/2025\/11\/IMG_9628-min-1536x1536.jpeg 1536w, https:\/\/france-egis.fr\/wp-content\/uploads\/2025\/11\/IMG_9628-min-2048x2048.jpeg 2048w, https:\/\/france-egis.fr\/wp-content\/uploads\/2025\/11\/IMG_9628-min-600x600.jpeg 600w, https:\/\/france-egis.fr\/wp-content\/uploads\/2025\/11\/IMG_9628-min-100x100.jpeg 100w, https:\/\/france-egis.fr\/wp-content\/uploads\/2025\/11\/IMG_9628-min-64x64.jpeg 64w\" sizes=\"auto, (max-width: 300px) 100vw, 300px\" \/><\/div>\n\t\t\t\t\t<div class=\"wc-block-grid__product-title\">G\u00e9n\u00e9rateur de Courant H-8500W D\u00e9marrage \u00c9lectrique avec Batterie (220v\/380v)<\/div>\n\t\t\t\t<\/a>\n\t\t\t\t<div class=\"wc-block-grid__product-price price\"><del aria-hidden=\"true\"><span class=\"woocommerce-Price-amount amount\"><span class=\"woocommerce-Price-currencySymbol\">\u20ac<\/span>500.00<\/span><\/del> <span class=\"screen-reader-text\" data-no-translation=\"\" data-trp-gettext=\"\">Le prix initial \u00e9tait\u00a0: &euro;500.00.<\/span><ins aria-hidden=\"true\"><span class=\"woocommerce-Price-amount amount\"><span class=\"woocommerce-Price-currencySymbol\">\u20ac<\/span>294.00<\/span><\/ins><span class=\"screen-reader-text\" data-no-translation=\"\" data-trp-gettext=\"\">Le prix actuel est\u00a0: &euro;294.00.<\/span><\/div>\n\t\t\t\t\n\t\t\t\t<div class=\"wp-block-button wc-block-grid__product-add-to-cart\"><a href=\"?add-to-cart=4856\" aria-label=\"Ajouter au panier\u00a0: \u201cGeneratore di Corrente H-8500W Avviamento Elettrico con Batteria (220v\/380v)\u201d\" data-quantity=\"1\" data-product_id=\"4856\" data-product_sku=\"\" data-price=\"294\" rel=\"nofollow\" class=\"wp-block-button__link  add_to_cart_button ajax_add_to_cart\" data-no-translation=\"\" data-trp-gettext=\"\" data-no-translation-aria-label=\"\">Ajouter au panier<\/a><\/div>\n\t\t\t<\/li><li class=\"wc-block-grid__product\">\n\t\t\t\t<a href=\"https:\/\/france-egis.fr\/fr\/product\/generatore-di-corrente-h-8500w-220-380v-con-chiave-220v\/\" class=\"wc-block-grid__product-link\">\n\t\t\t\t\t<div class=\"wc-block-grid__product-onsale\">\n\t\t\t<span aria-hidden=\"true\" data-no-translation=\"\" data-trp-gettext=\"\">Promo<\/span>\n\t\t\t<span class=\"screen-reader-text\" data-no-translation=\"\" data-trp-gettext=\"\">Produit en promotion<\/span>\n\t\t<\/div>\n\t\t\t\t\t<div class=\"wc-block-grid__product-image\"><img loading=\"lazy\" decoding=\"async\" width=\"300\" height=\"300\" src=\"https:\/\/france-egis.fr\/wp-content\/uploads\/2025\/11\/44-300x300.png\" class=\"attachment-woocommerce_thumbnail size-woocommerce_thumbnail\" alt=\"Generatore di Corrente H-8500W (220\/380v) Con Chiave\" srcset=\"https:\/\/france-egis.fr\/wp-content\/uploads\/2025\/11\/44-300x300.png 300w, https:\/\/france-egis.fr\/wp-content\/uploads\/2025\/11\/44-1024x1024.png 1024w, https:\/\/france-egis.fr\/wp-content\/uploads\/2025\/11\/44-150x150.png 150w, https:\/\/france-egis.fr\/wp-content\/uploads\/2025\/11\/44-768x768.png 768w, https:\/\/france-egis.fr\/wp-content\/uploads\/2025\/11\/44-600x600.png 600w, https:\/\/france-egis.fr\/wp-content\/uploads\/2025\/11\/44-100x100.png 100w, https:\/\/france-egis.fr\/wp-content\/uploads\/2025\/11\/44-64x64.png 64w, https:\/\/france-egis.fr\/wp-content\/uploads\/2025\/11\/44.png 1080w\" sizes=\"auto, (max-width: 300px) 100vw, 300px\" \/><\/div>\n\t\t\t\t\t<div class=\"wc-block-grid__product-title\">G\u00e9n\u00e9rateur d'\u00e9nergie H-8500W (220\/380 V) avec cl\u00e9<\/div>\n\t\t\t\t<\/a>\n\t\t\t\t<div class=\"wc-block-grid__product-price price\"><del aria-hidden=\"true\"><span class=\"woocommerce-Price-amount amount\"><span class=\"woocommerce-Price-currencySymbol\">\u20ac<\/span>400.00<\/span><\/del> <span class=\"screen-reader-text\" data-no-translation=\"\" data-trp-gettext=\"\">Le prix initial \u00e9tait\u00a0: &euro;400.00.<\/span><ins aria-hidden=\"true\"><span class=\"woocommerce-Price-amount amount\"><span class=\"woocommerce-Price-currencySymbol\">\u20ac<\/span>215.00<\/span><\/ins><span class=\"screen-reader-text\" data-no-translation=\"\" data-trp-gettext=\"\">Le prix actuel est\u00a0: &euro;215.00.<\/span><\/div>\n\t\t\t\t\n\t\t\t\t<div class=\"wp-block-button wc-block-grid__product-add-to-cart\"><a href=\"?add-to-cart=4848\" aria-label=\"Ajouter au panier\u00a0: \u201cGeneratore di Corrente H-8500W (220\/380v) Con Chiave\u201d\" data-quantity=\"1\" data-product_id=\"4848\" data-product_sku=\"\" data-price=\"215\" rel=\"nofollow\" class=\"wp-block-button__link  add_to_cart_button ajax_add_to_cart\" data-no-translation=\"\" data-trp-gettext=\"\" data-no-translation-aria-label=\"\">Ajouter au panier<\/a><\/div>\n\t\t\t<\/li><li class=\"wc-block-grid__product\">\n\t\t\t\t<a href=\"https:\/\/france-egis.fr\/fr\/product\/motocross-aura-125cc-avviamento-a-pedale-ruota-17-14\/\" class=\"wc-block-grid__product-link\">\n\t\t\t\t\t<div class=\"wc-block-grid__product-onsale\">\n\t\t\t<span aria-hidden=\"true\" data-no-translation=\"\" data-trp-gettext=\"\">Promo<\/span>\n\t\t\t<span class=\"screen-reader-text\" data-no-translation=\"\" data-trp-gettext=\"\">Produit en promotion<\/span>\n\t\t<\/div>\n\t\t\t\t\t<div class=\"wc-block-grid__product-image\"><img loading=\"lazy\" decoding=\"async\" width=\"300\" height=\"300\" src=\"https:\/\/france-egis.fr\/wp-content\/uploads\/2025\/11\/E-245-3-300x300.png\" class=\"attachment-woocommerce_thumbnail size-woocommerce_thumbnail\" alt=\"MotoCross &quot;AURA&quot; 125cc Avviamento a Pedale - RUOTA 17&quot;\/14&quot;\" srcset=\"https:\/\/france-egis.fr\/wp-content\/uploads\/2025\/11\/E-245-3-300x300.png 300w, https:\/\/france-egis.fr\/wp-content\/uploads\/2025\/11\/E-245-3-1024x1024.png 1024w, https:\/\/france-egis.fr\/wp-content\/uploads\/2025\/11\/E-245-3-150x150.png 150w, https:\/\/france-egis.fr\/wp-content\/uploads\/2025\/11\/E-245-3-768x768.png 768w, https:\/\/france-egis.fr\/wp-content\/uploads\/2025\/11\/E-245-3-600x600.png 600w, https:\/\/france-egis.fr\/wp-content\/uploads\/2025\/11\/E-245-3-100x100.png 100w, https:\/\/france-egis.fr\/wp-content\/uploads\/2025\/11\/E-245-3-64x64.png 64w, https:\/\/france-egis.fr\/wp-content\/uploads\/2025\/11\/E-245-3.png 1080w\" sizes=\"auto, (max-width: 300px) 100vw, 300px\" \/><\/div>\n\t\t\t\t\t<div class=\"wc-block-grid__product-title\">MotoCross \"AURA\" 125cc de kick \u2013 ROUE de 17\"\/14\"<\/div>\n\t\t\t\t<\/a>\n\t\t\t\t<div class=\"wc-block-grid__product-price price\"><del aria-hidden=\"true\"><span class=\"woocommerce-Price-amount amount\"><span class=\"woocommerce-Price-currencySymbol\">\u20ac<\/span>1,000.00<\/span><\/del> <span class=\"screen-reader-text\" data-no-translation=\"\" data-trp-gettext=\"\">Le prix initial \u00e9tait\u00a0: &euro;1,000.00.<\/span><ins aria-hidden=\"true\"><span class=\"woocommerce-Price-amount amount\"><span class=\"woocommerce-Price-currencySymbol\">\u20ac<\/span>695.00<\/span><\/ins><span class=\"screen-reader-text\" data-no-translation=\"\" data-trp-gettext=\"\">Le prix actuel est\u00a0: &euro;695.00.<\/span><\/div>\n\t\t\t\t\n\t\t\t\t<div class=\"wp-block-button wc-block-grid__product-add-to-cart\"><a href=\"https:\/\/france-egis.fr\/fr\/product\/motocross-aura-125cc-avviamento-a-pedale-ruota-17-14\/\" aria-label=\"S\u00e9lectionner les options pour \u201cMotoCross &quot;AURA&quot; 125cc Avviamento a Pedale - RUOTA 17&quot;\/14&quot;\u201d\" data-quantity=\"1\" data-product_id=\"4834\" data-product_sku=\"\" data-price=\"695\" rel=\"nofollow\" class=\"wp-block-button__link  add_to_cart_button\" data-no-translation=\"\" data-trp-gettext=\"\" data-no-translation-aria-label=\"\">Choix des options<\/a><\/div>\n\t\t\t<\/li><\/ul><\/div><\/div><\/div>","protected":false},"excerpt":{"rendered":"","protected":false},"author":1,"featured_media":0,"parent":0,"menu_order":0,"comment_status":"closed","ping_status":"closed","template":"","meta":{"_acf_changed":false,"inline_featured_image":false,"footnotes":""},"class_list":["post-28","page","type-page","status-publish","hentry"],"acf":[],"_hostinger_reach_plugin_has_subscription_block":false,"_hostinger_reach_plugin_is_elementor":false,"_links":{"self":[{"href":"https:\/\/france-egis.fr\/fr\/wp-json\/wp\/v2\/pages\/28","targetHints":{"allow":["GET"]}}],"collection":[{"href":"https:\/\/france-egis.fr\/fr\/wp-json\/wp\/v2\/pages"}],"about":[{"href":"https:\/\/france-egis.fr\/fr\/wp-json\/wp\/v2\/types\/page"}],"author":[{"embeddable":true,"href":"https:\/\/france-egis.fr\/fr\/wp-json\/wp\/v2\/users\/1"}],"replies":[{"embeddable":true,"href":"https:\/\/france-egis.fr\/fr\/wp-json\/wp\/v2\/comments?post=28"}],"version-history":[{"count":0,"href":"https:\/\/france-egis.fr\/fr\/wp-json\/wp\/v2\/pages\/28\/revisions"}],"wp:attachment":[{"href":"https:\/\/france-egis.fr\/fr\/wp-json\/wp\/v2\/media?parent=28"}],"curies":[{"name":"wp","href":"https:\/\/api.w.org\/{rel}","templated":true}]}}