{"id":5227,"date":"2025-12-31T02:18:53","date_gmt":"2025-12-31T02:18:53","guid":{"rendered":"https:\/\/france-egis.fr\/?page_id=5227"},"modified":"2025-12-31T03:38:45","modified_gmt":"2025-12-31T03:38:45","slug":"note-legali","status":"publish","type":"page","link":"https:\/\/france-egis.fr\/fr\/note-legali\/","title":{"rendered":"Notes L\u00e9gales"},"content":{"rendered":"<h4><strong>Propri\u00e9t\u00e9 du Site Web<\/strong>\r\nCe site web, disponible \u00e0 Moteurs-Italie.il est d\u00e9tenu et exploit\u00e9 par <span class=\"s5\">les moteurs, italie<\/span>.<\/h4>\r\n&nbsp;\r\n<ul class=\"ul1\">\r\n \t<li class=\"li1\">\r\n<h4><span class=\"s2\">Entreprise: Moteurs, Italie<\/span><span class=\"s3\"> SRL<\/span><\/h4>\r\n<\/li>\r\n \t<li class=\"li2\">\r\n<h4><span class=\"s5\">Si\u00e8ge social: Via Montelungo 2, 37141 V\u00e9rone, VR, Italie<\/span><\/h4>\r\n<\/li>\r\n \t<li class=\"li2\">\r\n<h4><span class=\"s5\">Contact e-Mail: info@france-egis.fr<\/span><\/h4>\r\n<\/li>\r\n<\/ul>\r\n&nbsp;\r\n<h4><strong>Conditions d'Utilisation<\/strong>\r\nVotre acc\u00e8s et votre utilisation du site <span class=\"s5\">moteurs-italie.fr<\/span>\u00a0implique l'acceptation des termes et conditions d'utilisation d\u00e9crites ici. Les utilisateurs s'engagent \u00e0 ne pas utiliser le site \u00e0 des fins ill\u00e9gales ou non autoris\u00e9es.<\/h4>\r\n&nbsp;\r\n<h4><strong>Des achats et de la L\u00e9gislation Applicable<\/strong>\r\nLes achats effectu\u00e9s sur un <span class=\"s5\">moteurs-italie.fr<\/span>\u00a0sont r\u00e9gies par la loi italienne sur la vente \u00e0 distance (d.lgs. pas de. 185 du 22\/05\/1999). Prix: Tous les prix indiqu\u00e9s sur ce site sont ttc. Disponibilit\u00e9: Tous les produits affich\u00e9s sur le site sont disponibles pour une livraison imm\u00e9diate, sauf disposition contraire expresse. L'\u00e9puisement ou de retard: Dans le cas d'un clin d'\u00e9puisement ou de retard d'un produit, l'acheteur sera imm\u00e9diatement notifi\u00e9 par e-mail ou par t\u00e9l\u00e9phone. Sous r\u00e9serve de la conclusion de la commande: <span class=\"s5\">moteurs-italie.fr <\/span>nous nous r\u00e9servons le droit de ne pas valider la commande, sans responsabilit\u00e9 et sans aucune obligation d'indemnisation vis-\u00e0-vis de l'acheteur. La Confirmation du contrat: Le contrat de vente est confirm\u00e9e par l'acheteur au moment de la conclusion du processus d'achat sur le site. Toutefois, le contrat sera conclu pour <span class=\"s5\">moteurs-italie.fr <\/span>seulement au moment de l'exp\u00e9dition de la notification par e-mail de confirmation. R\u00e9f\u00e9rences juridiques: ce qui n'est pas sp\u00e9cifi\u00e9 est r\u00e9gie par la d.lgs. pas de. 185 du 22\/05\/1999.<\/h4>\r\n&nbsp;\r\n<h4><strong>Repr\u00e9sentation graphique des Produits<\/strong>\r\nLes Images et les descriptions des produits sur ce site sont purement indicatives, et faite uniquement \u00e0 des fins d'illustration. Les produits peuvent diff\u00e9rer l\u00e9g\u00e8rement de l'image montr\u00e9e en raison des diff\u00e9rences de couleur sur l'\u00e9cran ou mises \u00e0 jour par le fabricant. Moteurs Italia n'assume aucune responsabilit\u00e9 pour toute esth\u00e9tique des diff\u00e9rences qui ne affecte pas la fonctionnalit\u00e9 du produit.<\/h4>\r\n&nbsp;\r\n\r\n&nbsp;\r\n<h4><strong>Le droit d'auteur<\/strong><\/h4>\r\n<h4>Le design du site, les textes, les images et les logiciels sont prot\u00e9g\u00e9s par le droit d'auteur <span class=\"s5\">moteurs-italie.fr <\/span>ou de ses fournisseurs. Autorisations: Vous \u00eates autoris\u00e9 \u00e0 la copie imprim\u00e9e ou \u00e9lectronique, de parties de ce site uniquement pour l'ex\u00e9cution des commandes. Restrictions: Aucune autre utilisation du mat\u00e9riel publi\u00e9, telles que la reproduction, modification ou distribution, est strictement interdite sans le consentement \u00e9crit pr\u00e9alable de <span class=\"s5\">moteurs-italie.fr <\/span>. Limitation de Responsabilit\u00e9<\/h4>\r\n<h4>Moteurs Italia n'est pas responsable pour des dommages directs ou indirects r\u00e9sultant de l'utilisation du site web. Tout en s'engageant \u00e0 maintenir l'information \u00e0 jour, ne garantit pas l'absence d'erreurs.<\/h4>\r\n&nbsp;\r\n<h4><strong>Politique de confidentialit\u00e9<\/strong>\r\nLe traitement de donn\u00e9es personnelles est effectu\u00e9e en conformit\u00e9 avec notre Politique de Confidentialit\u00e9. Les donn\u00e9es recueillies sont utilis\u00e9es exclusivement pour le traitement de commandes et d'am\u00e9liorer le service \u00e0 la client\u00e8le.<\/h4>\r\n&nbsp;\r\n<h4><strong>Politique de retour et de Remboursement<\/strong>\r\nEn cas d'insatisfaction, les utilisateurs peuvent se r\u00e9f\u00e9rer \u00e0 notre Politique de Retour et de Remboursement.<\/h4>\r\n&nbsp;\r\n<h4><strong>Droit Applicable et Juridiction comp\u00e9tente<\/strong>\r\nLes pr\u00e9sentes conditions sont r\u00e9gies par la loi italienne. Tout litige sera de la comp\u00e9tence exclusive des tribunaux de V\u00e9rone, en Italie.<\/h4>\r\n&nbsp;\r\n<h4><strong>Les modifications aux dispositions L\u00e9gales en<\/strong>\r\n<span class=\"s5\">moteurs-italie.fr <\/span>se r\u00e9serve le droit de modifier ces conditions \u00e0 tout moment. L'utilisateur est donc invit\u00e9 \u00e0 consulter r\u00e9guli\u00e8rement cette page pour rester \u00e0 jour sur toutes les modifications.<\/h4>\r\n&nbsp;\r\n<h4><strong>Adresse de l'entreprise :<\/strong><\/h4>\r\n<h4>Les Moteurs, Italie<\/h4>\r\n<h4>Via Montelungo , 2<\/h4>\r\n<h4>37141 V\u00e9rone, VR, Italie<\/h4>\r\n&nbsp;\r\n<h4><strong>E-mail:<\/strong><\/h4>\r\n<h4>info@france-egis.fr<\/h4>\r\n<h4><strong>Assistance<\/strong>:\u00a0<em>Chat en direct<\/em><\/h4>","protected":false},"excerpt":{"rendered":"<p>Propriet\u00e0 del Sito Web Il presente sito web, disponibile all\u2019indirizzo\u00a0Motori-Italia.it , \u00e8 di propriet\u00e0 e gestito da motori italia. &nbsp; Ragione sociale: Motori Italia SRL Sede legale: Via Montelungo 2, 37141 Verona, VR Italia Email di contatto: info@france-egis.fr &nbsp; Termini di Utilizzo L\u2019accesso e l\u2019utilizzo del sito motori-italia.it\u00a0implica l\u2019accettazione dei termini e delle condizioni d\u2019uso [&hellip;]<\/p>\n","protected":false},"author":1,"featured_media":0,"parent":0,"menu_order":0,"comment_status":"closed","ping_status":"closed","template":"","meta":{"_acf_changed":false,"inline_featured_image":false,"footnotes":""},"class_list":["post-5227","page","type-page","status-publish","hentry"],"acf":[],"_hostinger_reach_plugin_has_subscription_block":false,"_hostinger_reach_plugin_is_elementor":false,"_links":{"self":[{"href":"https:\/\/france-egis.fr\/fr\/wp-json\/wp\/v2\/pages\/5227","targetHints":{"allow":["GET"]}}],"collection":[{"href":"https:\/\/france-egis.fr\/fr\/wp-json\/wp\/v2\/pages"}],"about":[{"href":"https:\/\/france-egis.fr\/fr\/wp-json\/wp\/v2\/types\/page"}],"author":[{"embeddable":true,"href":"https:\/\/france-egis.fr\/fr\/wp-json\/wp\/v2\/users\/1"}],"replies":[{"embeddable":true,"href":"https:\/\/france-egis.fr\/fr\/wp-json\/wp\/v2\/comments?post=5227"}],"version-history":[{"count":9,"href":"https:\/\/france-egis.fr\/fr\/wp-json\/wp\/v2\/pages\/5227\/revisions"}],"predecessor-version":[{"id":5261,"href":"https:\/\/france-egis.fr\/fr\/wp-json\/wp\/v2\/pages\/5227\/revisions\/5261"}],"wp:attachment":[{"href":"https:\/\/france-egis.fr\/fr\/wp-json\/wp\/v2\/media?parent=5227"}],"curies":[{"name":"wp","href":"https:\/\/api.w.org\/{rel}","templated":true}]}}