{"id":2890,"date":"2025-05-17T17:13:21","date_gmt":"2025-05-17T17:13:21","guid":{"rendered":"https:\/\/france-egis.fr\/?post_type=product&#038;p=2890"},"modified":"2025-12-30T04:47:19","modified_gmt":"2025-12-30T04:47:19","slug":"generatore-di-corrente-diesel-9000w-9kw","status":"publish","type":"product","link":"https:\/\/france-egis.fr\/fr\/product\/generatore-di-corrente-diesel-9000w-9kw\/","title":{"rendered":"G\u00e9n\u00e9rateur Diesel 9000w 9Kw Silencieux"},"content":{"rendered":"","protected":false},"excerpt":{"rendered":"<div style=\"text-align: center;\">\n<div style=\"text-align: center;\">\n<div style=\"text-align: center;\">\n<div style=\"text-align: center;\">\n<p style=\"text-align: left;\">Le <em><strong>G\u00e9n\u00e9rateur Diesel<\/strong><\/em>\u00a0Il est parfait pour les besoins \u00e9nerg\u00e9tiques. Avec un <em><strong>moteur 4 temps, DIESEL avec<\/strong>\u00a0<strong>d\u00e9marreur \u00e9lectrique et ce, m\u00eame \u00e0 distance<\/strong><\/em> , facile \u00e0 transporter, \u00e0 faible bruit et <em><strong>un r\u00e9servoir de 15 litres<\/strong><\/em>. Id\u00e9al pour toutes les situations.<\/p>\n<\/div>\n<\/div>\n<\/div>\n<\/div>","protected":false},"featured_media":2900,"comment_status":"open","ping_status":"closed","template":"","meta":{"_acf_changed":false,"inline_featured_image":false},"product_brand":[],"product_cat":[16,18],"product_tag":[],"class_list":{"0":"post-2890","1":"product","2":"type-product","3":"status-publish","4":"has-post-thumbnail","6":"product_cat-uncategorized","7":"product_cat-best-sellers","9":"first","10":"instock","11":"sale","12":"shipping-taxable","13":"purchasable","14":"product-type-simple"},"acf":[],"_links":{"self":[{"href":"https:\/\/france-egis.fr\/fr\/wp-json\/wp\/v2\/product\/2890","targetHints":{"allow":["GET"]}}],"collection":[{"href":"https:\/\/france-egis.fr\/fr\/wp-json\/wp\/v2\/product"}],"about":[{"href":"https:\/\/france-egis.fr\/fr\/wp-json\/wp\/v2\/types\/product"}],"replies":[{"embeddable":true,"href":"https:\/\/france-egis.fr\/fr\/wp-json\/wp\/v2\/comments?post=2890"}],"wp:featuredmedia":[{"embeddable":true,"href":"https:\/\/france-egis.fr\/fr\/wp-json\/wp\/v2\/media\/2900"}],"wp:attachment":[{"href":"https:\/\/france-egis.fr\/fr\/wp-json\/wp\/v2\/media?parent=2890"}],"wp:term":[{"taxonomy":"product_brand","embeddable":true,"href":"https:\/\/france-egis.fr\/fr\/wp-json\/wp\/v2\/product_brand?post=2890"},{"taxonomy":"product_cat","embeddable":true,"href":"https:\/\/france-egis.fr\/fr\/wp-json\/wp\/v2\/product_cat?post=2890"},{"taxonomy":"product_tag","embeddable":true,"href":"https:\/\/france-egis.fr\/fr\/wp-json\/wp\/v2\/product_tag?post=2890"}],"curies":[{"name":"wp","href":"https:\/\/api.w.org\/{rel}","templated":true}]}}