{"id":44,"date":"2024-10-08T07:51:27","date_gmt":"2024-10-08T07:51:27","guid":{"rendered":"https:\/\/france-egis.fr\/?post_type=product&#038;p=44"},"modified":"2025-12-31T04:56:52","modified_gmt":"2025-12-31T04:56:52","slug":"generatore-di-corrente-gruppo-elettrogeno","status":"publish","type":"product","link":"https:\/\/france-egis.fr\/fr\/product\/generatore-di-corrente-gruppo-elettrogeno\/","title":{"rendered":"G\u00e9n\u00e9rateur d'\u00e9nergie H-8500W (220\/380 V) avec cl\u00e9"},"content":{"rendered":"","protected":false},"excerpt":{"rendered":"<p>Cette\u00a0<em><strong>g\u00e9n\u00e9rateur de H-8500W<\/strong><\/em>\u00a0Il est parfait pour les besoins \u00e9nerg\u00e9tiques. Avec un\u00a0<em><strong>Moteur \u00e0 essence 4 temps avec<\/strong>\u00a0<strong>d\u00e9marrage facile<\/strong><\/em>\u00a0et design compact, facile \u00e0 transporter, \u00e0 faible bruit et\u00a0<em><strong>un r\u00e9servoir de 15 litres<\/strong><\/em>. Id\u00e9al pour toutes les situations.<\/p>","protected":false},"featured_media":46,"comment_status":"open","ping_status":"closed","template":"","meta":{"_acf_changed":false,"inline_featured_image":false},"product_brand":[],"product_cat":[16,18],"product_tag":[],"class_list":{"0":"post-44","1":"product","2":"type-product","3":"status-publish","4":"has-post-thumbnail","6":"product_cat-uncategorized","7":"product_cat-best-sellers","9":"first","10":"instock","11":"sale","12":"shipping-taxable","13":"purchasable","14":"product-type-simple"},"acf":[],"_links":{"self":[{"href":"https:\/\/france-egis.fr\/fr\/wp-json\/wp\/v2\/product\/44","targetHints":{"allow":["GET"]}}],"collection":[{"href":"https:\/\/france-egis.fr\/fr\/wp-json\/wp\/v2\/product"}],"about":[{"href":"https:\/\/france-egis.fr\/fr\/wp-json\/wp\/v2\/types\/product"}],"replies":[{"embeddable":true,"href":"https:\/\/france-egis.fr\/fr\/wp-json\/wp\/v2\/comments?post=44"}],"wp:featuredmedia":[{"embeddable":true,"href":"https:\/\/france-egis.fr\/fr\/wp-json\/wp\/v2\/media\/46"}],"wp:attachment":[{"href":"https:\/\/france-egis.fr\/fr\/wp-json\/wp\/v2\/media?parent=44"}],"wp:term":[{"taxonomy":"product_brand","embeddable":true,"href":"https:\/\/france-egis.fr\/fr\/wp-json\/wp\/v2\/product_brand?post=44"},{"taxonomy":"product_cat","embeddable":true,"href":"https:\/\/france-egis.fr\/fr\/wp-json\/wp\/v2\/product_cat?post=44"},{"taxonomy":"product_tag","embeddable":true,"href":"https:\/\/france-egis.fr\/fr\/wp-json\/wp\/v2\/product_tag?post=44"}],"curies":[{"name":"wp","href":"https:\/\/api.w.org\/{rel}","templated":true}]}}