{"id":48,"date":"2024-10-08T07:53:38","date_gmt":"2024-10-08T07:53:38","guid":{"rendered":"https:\/\/france-egis.fr\/?post_type=product&#038;p=48"},"modified":"2025-12-30T22:53:17","modified_gmt":"2025-12-30T22:53:17","slug":"generatore-di-corrente-inverter-2kw-2000w-dw-2500-portatile","status":"publish","type":"product","link":"https:\/\/france-egis.fr\/fr\/product\/generatore-di-corrente-inverter-2kw-2000w-dw-2500-portatile\/","title":{"rendered":"G\u00e9n\u00e9rateur d'\u00e9nergie portable \u00e0 onduleur 2\u00a0kW 2\u00a0000\u00a0W DW\u00a02500"},"content":{"rendered":"","protected":false},"excerpt":{"rendered":"<p><span style=\"vertical-align: inherit;\">Notre <strong> g\u00e9n\u00e9rateur de courant DW 2500,<\/strong> puissant et silencieux.<strong> Avec la technologie inverter<\/strong> se nourrit facilement les dispositifs sensibles.<strong> L\u00e9ger et portable<\/strong>, est le choix id\u00e9al pour le camping et les situations d'urgence, en veillant \u00e0 une \u00e9nergie fiable, sans bruit g\u00eanant.<\/span><\/p>","protected":false},"featured_media":51,"comment_status":"open","ping_status":"closed","template":"","meta":{"_acf_changed":false,"inline_featured_image":false},"product_brand":[],"product_cat":[16,18],"product_tag":[],"class_list":{"0":"post-48","1":"product","2":"type-product","3":"status-publish","4":"has-post-thumbnail","6":"product_cat-uncategorized","7":"product_cat-best-sellers","9":"first","10":"instock","11":"sale","12":"shipping-taxable","13":"purchasable","14":"product-type-simple"},"acf":[],"_links":{"self":[{"href":"https:\/\/france-egis.fr\/fr\/wp-json\/wp\/v2\/product\/48","targetHints":{"allow":["GET"]}}],"collection":[{"href":"https:\/\/france-egis.fr\/fr\/wp-json\/wp\/v2\/product"}],"about":[{"href":"https:\/\/france-egis.fr\/fr\/wp-json\/wp\/v2\/types\/product"}],"replies":[{"embeddable":true,"href":"https:\/\/france-egis.fr\/fr\/wp-json\/wp\/v2\/comments?post=48"}],"wp:featuredmedia":[{"embeddable":true,"href":"https:\/\/france-egis.fr\/fr\/wp-json\/wp\/v2\/media\/51"}],"wp:attachment":[{"href":"https:\/\/france-egis.fr\/fr\/wp-json\/wp\/v2\/media?parent=48"}],"wp:term":[{"taxonomy":"product_brand","embeddable":true,"href":"https:\/\/france-egis.fr\/fr\/wp-json\/wp\/v2\/product_brand?post=48"},{"taxonomy":"product_cat","embeddable":true,"href":"https:\/\/france-egis.fr\/fr\/wp-json\/wp\/v2\/product_cat?post=48"},{"taxonomy":"product_tag","embeddable":true,"href":"https:\/\/france-egis.fr\/fr\/wp-json\/wp\/v2\/product_tag?post=48"}],"curies":[{"name":"wp","href":"https:\/\/api.w.org\/{rel}","templated":true}]}}