{"id":4856,"date":"2025-11-21T19:50:52","date_gmt":"2025-11-21T19:50:52","guid":{"rendered":"https:\/\/france-egis.fr\/?post_type=product&#038;p=4856"},"modified":"2025-12-30T04:41:37","modified_gmt":"2025-12-30T04:41:37","slug":"generatore-di-corrente-h-8500w-avviamento-elettrico-con-batteria-220v-380v-2","status":"publish","type":"product","link":"https:\/\/france-egis.fr\/fr\/product\/generatore-di-corrente-h-8500w-avviamento-elettrico-con-batteria-220v-380v-2\/","title":{"rendered":"G\u00e9n\u00e9rateur de Courant H-8500W D\u00e9marrage \u00c9lectrique avec Batterie (220v\/380v)"},"content":{"rendered":"","protected":false},"excerpt":{"rendered":"<p>Le <em><strong>G\u00e9n\u00e9rateur de H-8500W <\/strong><\/em>Il est parfait pour les besoins \u00e9nerg\u00e9tiques. Avec un\u00a0<em><strong>moteur \u00e0 essence 4 temps moteur avec une Batterie et<\/strong>\u00a0<strong>D\u00e9marrage \u00c9lectrique<\/strong><\/em>\u00a0design compact, facile \u00e0 transporter, \u00e0 faible bruit et\u00a0<em><strong>un r\u00e9servoir de 15 litres<\/strong><\/em>. Id\u00e9al pour toutes les situations.<\/p>\n<p style=\"text-align: center;\"><strong>SANS LES PILES<\/strong><\/p>","protected":false},"featured_media":4859,"comment_status":"open","ping_status":"closed","template":"","meta":{"_acf_changed":false,"inline_featured_image":false},"product_brand":[],"product_cat":[16,18],"product_tag":[],"class_list":{"0":"post-4856","1":"product","2":"type-product","3":"status-publish","4":"has-post-thumbnail","6":"product_cat-uncategorized","7":"product_cat-best-sellers","9":"first","10":"instock","11":"sale","12":"shipping-taxable","13":"purchasable","14":"product-type-simple"},"acf":[],"_links":{"self":[{"href":"https:\/\/france-egis.fr\/fr\/wp-json\/wp\/v2\/product\/4856","targetHints":{"allow":["GET"]}}],"collection":[{"href":"https:\/\/france-egis.fr\/fr\/wp-json\/wp\/v2\/product"}],"about":[{"href":"https:\/\/france-egis.fr\/fr\/wp-json\/wp\/v2\/types\/product"}],"replies":[{"embeddable":true,"href":"https:\/\/france-egis.fr\/fr\/wp-json\/wp\/v2\/comments?post=4856"}],"wp:featuredmedia":[{"embeddable":true,"href":"https:\/\/france-egis.fr\/fr\/wp-json\/wp\/v2\/media\/4859"}],"wp:attachment":[{"href":"https:\/\/france-egis.fr\/fr\/wp-json\/wp\/v2\/media?parent=4856"}],"wp:term":[{"taxonomy":"product_brand","embeddable":true,"href":"https:\/\/france-egis.fr\/fr\/wp-json\/wp\/v2\/product_brand?post=4856"},{"taxonomy":"product_cat","embeddable":true,"href":"https:\/\/france-egis.fr\/fr\/wp-json\/wp\/v2\/product_cat?post=4856"},{"taxonomy":"product_tag","embeddable":true,"href":"https:\/\/france-egis.fr\/fr\/wp-json\/wp\/v2\/product_tag?post=4856"}],"curies":[{"name":"wp","href":"https:\/\/api.w.org\/{rel}","templated":true}]}}