{"id":52,"date":"2024-10-08T07:55:45","date_gmt":"2024-10-08T07:55:45","guid":{"rendered":"https:\/\/france-egis.fr\/?post_type=product&#038;p=52"},"modified":"2025-12-30T22:56:15","modified_gmt":"2025-12-30T22:56:15","slug":"mini-cross-elettrica-1000w-36v-ruota-10-10","status":"publish","type":"product","link":"https:\/\/france-egis.fr\/fr\/product\/mini-cross-elettrica-1000w-36v-ruota-10-10\/","title":{"rendered":"Mini Cross \u00c9lectrique 1000W 36v \u2013 Roue 10\/10"},"content":{"rendered":"","protected":false},"excerpt":{"rendered":"<p>D\u00e9couvrez les fantastiques minicross \u00e9lectrique, avec<strong> puissant moteur de 1000 watts<\/strong>parfait pour les jeunes et pour les plus intr\u00e9pides coureurs!<strong> Le minicross \u00e9lectrique 1000 W 36 V<\/strong> il dispose d'une t\u00eate en bas de la fourche-style PRO, freins \u00e0 disque, une margherita et une pratique indicateur de batterie, ainsi que<strong> vitesse r\u00e9glable.<\/strong><\/p>","protected":false},"featured_media":1638,"comment_status":"open","ping_status":"closed","template":"","meta":{"_acf_changed":false,"inline_featured_image":false},"product_brand":[],"product_cat":[16],"product_tag":[],"class_list":{"0":"post-52","1":"product","2":"type-product","3":"status-publish","4":"has-post-thumbnail","6":"product_cat-uncategorized","8":"first","9":"instock","10":"sale","11":"shipping-taxable","12":"purchasable","13":"product-type-variable","14":"has-default-attributes"},"acf":[],"_links":{"self":[{"href":"https:\/\/france-egis.fr\/fr\/wp-json\/wp\/v2\/product\/52","targetHints":{"allow":["GET"]}}],"collection":[{"href":"https:\/\/france-egis.fr\/fr\/wp-json\/wp\/v2\/product"}],"about":[{"href":"https:\/\/france-egis.fr\/fr\/wp-json\/wp\/v2\/types\/product"}],"replies":[{"embeddable":true,"href":"https:\/\/france-egis.fr\/fr\/wp-json\/wp\/v2\/comments?post=52"}],"wp:featuredmedia":[{"embeddable":true,"href":"https:\/\/france-egis.fr\/fr\/wp-json\/wp\/v2\/media\/1638"}],"wp:attachment":[{"href":"https:\/\/france-egis.fr\/fr\/wp-json\/wp\/v2\/media?parent=52"}],"wp:term":[{"taxonomy":"product_brand","embeddable":true,"href":"https:\/\/france-egis.fr\/fr\/wp-json\/wp\/v2\/product_brand?post=52"},{"taxonomy":"product_cat","embeddable":true,"href":"https:\/\/france-egis.fr\/fr\/wp-json\/wp\/v2\/product_cat?post=52"},{"taxonomy":"product_tag","embeddable":true,"href":"https:\/\/france-egis.fr\/fr\/wp-json\/wp\/v2\/product_tag?post=52"}],"curies":[{"name":"wp","href":"https:\/\/api.w.org\/{rel}","templated":true}]}}